{"id":67,"date":"2017-03-15T22:53:02","date_gmt":"2017-03-15T19:53:02","guid":{"rendered":"http:\/\/www.amc.fi\/?page_id=67"},"modified":"2018-10-19T16:42:45","modified_gmt":"2018-10-19T13:42:45","slug":"saannot","status":"publish","type":"page","link":"https:\/\/www.amc.fi\/?page_id=67","title":{"rendered":"S\u00e4\u00e4nn\u00f6t"},"content":{"rendered":"<p><p><img decoding=\"async\" src=\"https:\/\/www.amc.fi\/wp-content\/plugins\/wp-downloadmanager\/images\/ext\/pdf.gif\" alt=\"\" title=\"\" style=\"vertical-align: middle;\" \/>&nbsp;&nbsp;<strong><a href=\"https:\/\/www.amc.fi\/?dl_id=11\">AMC Ry:n S\u00e4\u00e4nn\u00f6t (23.9.2017) PDF-tiedostona<\/a><\/strong> (19,4 KiB, 1&nbsp;524 hits)<\/p><br \/>\nAMC RY:N S\u00c4\u00c4NN\u00d6T Helsinki 23.9.2017<\/p>\n<p>1 \u00a7 Yhdistyksen nimi on AMC ry. Yhdistyksen kotipaikka on Helsinki ja sen toimialueena on koko Suomi.<\/p>\n<p>2\u00a7 Yhdistyksen tarkoituksena on toimia arthrogrypoosia sairastavien ja heid\u00e4n l\u00e4heistens\u00e4 yhdyssiteen\u00e4, valvoa heid\u00e4n etujaan ja ty\u00f6skennell\u00e4 arthrogrypoosin aiheuttamien vammojen ja haittavaikutusten tutkimuksen, ehk\u00e4isyn, hoidon ja kuntoutuksen edist\u00e4miseksi. Yhdistys toimii Invalidiliitto ry:n j\u00e4senyhdistyksen\u00e4.<\/p>\n<p>3\u00a7 Tarkoituksensa toteuttamiseksi yhdistys:<br \/>\n&#8211; tukee arthrogrypoosia sairastavien j\u00e4rjest\u00e4ytymist\u00e4 ja keskin\u00e4ist\u00e4 yhteydenpitoa<br \/>\n&#8211; harjoittaa valistus-, tiedotus-, julkaisu- ja neuvontatoimintaa<br \/>\n&#8211; tukee tutkimus- ja koulutustoimintaa<br \/>\n&#8211; tarjoaa ja mahdollistaa arthrogrypoosia sairastaville henkil\u00f6ille ja heid\u00e4n l\u00e4heisilleen vertaistukea.<\/p>\n<p>4\u00a7 Yhdistyksell\u00e4 on oikeus ottaa vastaan avustuksia, lahjoituksia ja testamentteja sek\u00e4 omistaa ja hallita kiinte\u00e4\u00e4 omaisuutta ja arvopapereita. Toimintansa rahoittamiseksi yhdistys voi j\u00e4rjest\u00e4\u00e4 maksullisia tilaisuuksia, arpajaisia ja rahanker\u00e4yksi\u00e4, tarvittaessa asianmukaisella luvalla.<\/p>\n<p>5\u00a7 Yhdistyksen varsinaiseksi j\u00e4seneksi voidaan hyv\u00e4ksy\u00e4 jokainen sen toimialueella asuva artrogrypoosia sairastava henkil\u00f6 tai h\u00e4nen l\u00e4heisens\u00e4, joka haluaa edist\u00e4\u00e4 yhdistyksen tarkoitusten toteuttamista ja sitoutuu noudattamaan sen s\u00e4\u00e4nt\u00f6j\u00e4. Kannattajaj\u00e4seneksi voidaan hyv\u00e4ksy\u00e4 oikeuskelpoinen yhteis\u00f6 sek\u00e4 yksityinen henkil\u00f6, joka haluaa tukea yhdistyksen toimintaa. Kunniaj\u00e4seneksi voidaan kutsua henkil\u00f6, joka on eritt\u00e4in ansiokkaalla tavalla vaikuttanut yhdistyksen toimintaan. Varsinaisen j\u00e4senen ja kannattajaj\u00e4senen hyv\u00e4ksyy yhdistyksen hallitus. Kunniaj\u00e4senen kutsuu hallituksen esityksest\u00e4 yhdistyksen kokous. Kunnia- ja kannattajaj\u00e4senell\u00e4 on oikeus osallistua yhdistyksen toimintaan, mutta ei \u00e4\u00e4nestyksiin.<\/p>\n<p>6\u00a7 Yhdistyksen j\u00e4senet suorittavat vuosittain j\u00e4senmaksun, jonka suuruuden yhdistyksen vuosikokous p\u00e4\u00e4tt\u00e4\u00e4. Kunniaj\u00e4senelt\u00e4 ei perit\u00e4 j\u00e4senmaksua.<\/p>\n<p>7\u00a7 J\u00e4sen voi erota yhdistyksest\u00e4 ilmoittamalla siit\u00e4 yhdistyslain m\u00e4\u00e4r\u00e4\u00e4m\u00e4ll\u00e4 tavalla. J\u00e4sen katsotaan eronneeksi yhdistyksest\u00e4, mik\u00e4li h\u00e4n on muistutuksesta huolimatta laiminly\u00f6nyt j\u00e4senmaksunsa maksamisen kahden vuoden ajan. Yhdistyksen hallitus voi erottaa j\u00e4senen, joka toimii vastoin yhdistyksen s\u00e4\u00e4nt\u00f6j\u00e4 ja pyrkimyksi\u00e4 tai haittaa vakavasti yhdistyksen tarkoitusperien toteuttamista.<\/p>\n<p>8\u00a7 Yhdistyksen varsinainen vuosikokous pidet\u00e4\u00e4n vuosittain tammi- huhtikuun aikana. Yhdistyksen j\u00e4sen voi osallistua hallituksen niin p\u00e4\u00e4tt\u00e4ess\u00e4 my\u00f6s reaaliaikaisen tietoliikenneyhteyden tai muun teknisen apuv\u00e4lineen avulla kokouksen aikana. Ylim\u00e4\u00e4r\u00e4inen kokous pidet\u00e4\u00e4n, jos hallitus katsoo sen tarpeelliseksi tai jos v\u00e4hint\u00e4\u00e4n 1\/10 \u00e4\u00e4nioikeutetuista j\u00e4senist\u00e4 sit\u00e4 kirjallisesti m\u00e4\u00e4r\u00e4tyn asian k\u00e4sittelemist\u00e4 varten vaatii. Vuosikokous ja mahdolliset ylim\u00e4\u00e4r\u00e4iset kokoukset voidaan j\u00e4rjest\u00e4\u00e4 internetin v\u00e4lityksell\u00e4.<\/p>\n<p>9\u00a7 Yhdistyksen kokouskutsut voidaan l\u00e4hett\u00e4\u00e4 j\u00e4senist\u00f6lle postitse tai s\u00e4hk\u00f6postiviestill\u00e4 sek\u00e4 internetsivuilla julkaistavan ilmoituksen kautta v\u00e4hint\u00e4\u00e4n nelj\u00e4toista (14) vuorokautta ennen kokousta.<\/p>\n<p>10\u00a7 Yhdistyksen kokouksessa on jokaisella varsinaisella j\u00e4senell\u00e4 yksi \u00e4\u00e4ni. P\u00e4\u00e4t\u00f6kset ratkaistaan yksinkertaisella \u00e4\u00e4nten enemmist\u00f6ll\u00e4. \u00c4\u00e4nten menness\u00e4 tasan ratkaisee puheenjohtajan \u00e4\u00e4ni, paitsi vaaleissa arpa. Vaalit on vaadittaessa toimitettava suljetuilla lipuilla.<\/p>\n<p>11 \u00a7 Vuosikokouksessa, jonka avaa yhdistyksen puheenjohtaja tai varapuheenjohtaja k\u00e4sitell\u00e4\u00e4n seuraavat asiat:<br \/>\n1) valitaan kokouksen puheenjohtaja, sihteeri, p\u00f6yt\u00e4kirjantarkastajat ja \u00e4\u00e4ntenlaskijat<br \/>\n2) todetaan kokouksen laillisuus ja p\u00e4\u00e4t\u00f6svaltaisuus<br \/>\n3) vahvistetaan kokouksen ty\u00f6j\u00e4rjestys<br \/>\n4) k\u00e4sitell\u00e4\u00e4n yhdistyksen toimintakertomus edelliselt\u00e4 vuodelta<br \/>\n5) k\u00e4sitell\u00e4\u00e4n yhdistyksen tilinp\u00e4\u00e4t\u00f6s ja tilintarkastajan lausunto edelliselt\u00e4 vuodelta<br \/>\nsek\u00e4 p\u00e4\u00e4tet\u00e4\u00e4n tilinp\u00e4\u00e4t\u00f6ksen vahvistamisesta ja vastuuvapauden my\u00f6nt\u00e4misest\u00e4 tilivelvollisille<br \/>\n6) hyv\u00e4ksyt\u00e4\u00e4n yhdistyksen toimintasuunnitelma seuraavalle vuodelle<br \/>\n7) m\u00e4\u00e4r\u00e4t\u00e4\u00e4n seuraavan vuoden j\u00e4senmaksujen suuruudet<br \/>\n8) hyv\u00e4ksyt\u00e4\u00e4n yhdistyksen talousarvio seuraavalle vuodelle<br \/>\n9) valitaan hallituksen puheenjohtaja<br \/>\n10) valitaan hallituksen j\u00e4senet erovuorossa olevien tilalle<br \/>\n11) valitaan yksi tilintarkastaja ja h\u00e4nelle varatilintarkastaja tarkastamaan seuraavan vuoden tilej\u00e4 ja hallintoa<br \/>\n12) k\u00e4sitell\u00e4\u00e4n muut mahdolliset asiat<\/p>\n<p>12\u00a7 Hallitukseen kuuluvat kahdeksi vuodeksi valitut v\u00e4hint\u00e4\u00e4n kuusi (6) ja enint\u00e4\u00e4n kymmenen (10) muuta j\u00e4sent\u00e4, sek\u00e4 puheenjohtaja. Puheenjohtajan toimikausi on yksi vuosi. V\u00e4hint\u00e4\u00e4n puolella hallituksen j\u00e4senist\u00e4 on oltava arthrogrypoosi. Hallituksen j\u00e4senist\u00e4 on vuosittain puolet erovuorossa, ensimm\u00e4isen vuoden kuluttua arvan perusteella, my\u00f6hemmin kukin vuorollaan. Hallitus valitsee keskuudestaan varapuheenjohtajan, sihteerin ja taloudenhoitajan. Sihteeri ja taloudenhoitaja sek\u00e4 muut tarpeelliset toimihenkil\u00f6t voivat olla my\u00f6s hallitukseen kuulumattomia. Hallitus kokoontuu puheenjohtajan tai h\u00e4nen estyneen\u00e4 ollessaan varapuheenjohtajan kutsusta tarpeen vaatiessa, kuitenkin v\u00e4hint\u00e4\u00e4n kerran vuodessa. Hallitus on p\u00e4\u00e4t\u00f6svaltainen, kun puheenjohtajan tai varapuheenjohtajan lis\u00e4ksi v\u00e4hint\u00e4\u00e4n kolme (3) j\u00e4sent\u00e4 on paikalla. Hallituksen kokouksissa p\u00e4\u00e4t\u00f6kset ratkaistaan yksinkertaisella \u00e4\u00e4nten enemmist\u00f6ll\u00e4. \u00c4\u00e4nten menness\u00e4 tasan ratkaisee puheenjohtajan mielipide, paitsi vaaleissa arpa. Hallitus on my\u00f6s kutsuttava koolle, jos v\u00e4hint\u00e4\u00e4n puolet hallituksen j\u00e4senist\u00e4 sit\u00e4 kirjallisesti nimelt\u00e4 mainittua asiaa varten vaatii.<\/p>\n<p>13\u00a7 Hallituksen teht\u00e4viin kuuluu:<br \/>\n&#8211; johtaa yhdistyksen yleist\u00e4 toimintaa lain, yhdistyksen s\u00e4\u00e4nt\u00f6jen ja kokousten p\u00e4\u00e4t\u00f6sten mukaisesti<br \/>\n&#8211; valmistella yhdistyksen kokouksissa k\u00e4sitelt\u00e4v\u00e4t asiat ja kutsua kokoukset koolle<br \/>\n&#8211; hyv\u00e4ksy\u00e4 j\u00e4senet yhdistykseen ja pit\u00e4\u00e4 j\u00e4senluetteloa<br \/>\n&#8211; asettaa tarpeelliset toimikunnat<br \/>\n&#8211; huolehtia varojen hankinnasta ja omaisuuden hoidosta<br \/>\n&#8211; huolehtia siit\u00e4, ett\u00e4 yhdistyksess\u00e4 pidet\u00e4\u00e4n sellaista kirjanpitoa kuin laki ja hyv\u00e4 tapa vaatii<br \/>\n&#8211; ottaa ja erottaa yhdistyksen toimihenkil\u00f6t ja m\u00e4\u00e4r\u00e4t\u00e4 ty\u00f6ehdot<\/p>\n<p>14\u00a7 Yhdistyksen nimen kirjoittavat joko puheenjohtaja tai varapuheenjohtaja yksin tai henkil\u00f6 jolla on hallituksen erikseen siihen antama oikeus.<\/p>\n<p>15\u00a7 Yhdistyksen toiminta- ja tilikausi on kalenterivuosi. Yhdistyksen hallituksen tai rahastonhoitajan on toimitettava tuloslaskelma ja tase sek\u00e4 muut hallintoon ja talouteen liittyv\u00e4t asiakirjat tilintarkastajalle siten, ett\u00e4 kaikki tarvittavat asiakirjat ehtiv\u00e4t menn\u00e4 viranomaistahoille lain tai viranomaistahojen m\u00e4\u00e4r\u00e4\u00e4m\u00e4\u00e4n aikarajaan menness\u00e4.<\/p>\n<p>16\u00a7 Yhdistyksen s\u00e4\u00e4nt\u00f6jen muuttamisesta voidaan p\u00e4\u00e4tt\u00e4\u00e4 yhdistyksen vuosikokouksessa tai ylim\u00e4\u00e4r\u00e4isess\u00e4 kokouksessa. S\u00e4\u00e4nt\u00f6jen muuttaminen edellytt\u00e4\u00e4, ett\u00e4 asiasta on mainittu kokouskutsussa ja s\u00e4\u00e4nt\u00f6jen muutosta tarkoittava ehdotus saa hyv\u00e4kseen v\u00e4hint\u00e4\u00e4n 2\/3 m\u00e4\u00e4r\u00e4enemmist\u00f6n annetuista \u00e4\u00e4nist\u00e4.<\/p>\n<p>17\u00a7 Yhdistyksen purkamisesta on p\u00e4\u00e4tett\u00e4v\u00e4 kahdessa per\u00e4kk\u00e4isess\u00e4 kokouksessa, joiden v\u00e4lill\u00e4 tulee olla v\u00e4hint\u00e4\u00e4n kolmekymment\u00e4 (30) vuorokautta ja purkamiseen vaaditaan kummassakin kokouksessa v\u00e4hint\u00e4\u00e4n kolme nelj\u00e4sosaa (3\/4) enemmist\u00f6 annetuista \u00e4\u00e4nist\u00e4. Yhdistyksen purkautuessa tai sen tultua lakkautetuksi yhdistyksen viimeinen kokous m\u00e4\u00e4r\u00e4\u00e4 tavan, jolla varat k\u00e4ytet\u00e4\u00e4n arthrogrypoosia sairastavien henkil\u00f6iden hyv\u00e4ksi.<\/p>\n<p>18\u00a7 Asioissa, joista ei ole m\u00e4\u00e4r\u00e4yst\u00e4 n\u00e4iss\u00e4 s\u00e4\u00e4nn\u00f6iss\u00e4, noudatetaan voimassa olevaa yhdistyslakia.<\/p>\n<p>19\u00a7 S\u00e4\u00e4nt\u00f6jen muutos tulee voimaan, kun se merkit\u00e4\u00e4n yhdistysrekisteriin.<\/p>\n","protected":false},"excerpt":{"rendered":"<p>AMC RY:N S\u00c4\u00c4NN\u00d6T Helsinki 23.9.2017 1 \u00a7 Yhdistyksen nimi on AMC ry. Yhdistyksen kotipaikka on Helsinki ja sen toimialueena on koko Suomi. 2\u00a7 Yhdistyksen tarkoituksena on toimia arthrogrypoosia sairastavien ja heid\u00e4n l\u00e4heistens\u00e4 yhdyssiteen\u00e4, valvoa heid\u00e4n etujaan ja ty\u00f6skennell\u00e4 arthrogrypoosin aiheuttamien vammojen ja haittavaikutusten tutkimuksen, ehk\u00e4isyn, hoidon ja kuntoutuksen edist\u00e4miseksi. Yhdistys toimii Invalidiliitto ry:n j\u00e4senyhdistyksen\u00e4. 3\u00a7 Tarkoituksensa toteuttamiseksi yhdistys: &#8211; tukee arthrogrypoosia sairastavien j\u00e4rjest\u00e4ytymist\u00e4 ja keskin\u00e4ist\u00e4 yhteydenpitoa &#8211; harjoittaa valistus-, tiedotus-, julkaisu- ja neuvontatoimintaa &#8211; tukee tutkimus- ja koulutustoimintaa &#8211; tarjoaa ja mahdollistaa arthrogrypoosia sairastaville henkil\u00f6ille ja heid\u00e4n l\u00e4heisilleen vertaistukea. 4\u00a7 Yhdistyksell\u00e4 on oikeus ottaa vastaan avustuksia, lahjoituksia ja testamentteja sek\u00e4 omistaa ja hallita kiinte\u00e4\u00e4 omaisuutta ja arvopapereita. Toimintansa rahoittamiseksi yhdistys voi j\u00e4rjest\u00e4\u00e4 maksullisia tilaisuuksia, arpajaisia ja rahanker\u00e4yksi\u00e4, tarvittaessa asianmukaisella luvalla. 5\u00a7 Yhdistyksen varsinaiseksi j\u00e4seneksi voidaan hyv\u00e4ksy\u00e4 jokainen sen toimialueella asuva artrogrypoosia sairastava henkil\u00f6 tai h\u00e4nen l\u00e4heisens\u00e4, joka haluaa edist\u00e4\u00e4 yhdistyksen tarkoitusten toteuttamista ja sitoutuu noudattamaan sen s\u00e4\u00e4nt\u00f6j\u00e4. Kannattajaj\u00e4seneksi voidaan hyv\u00e4ksy\u00e4 oikeuskelpoinen yhteis\u00f6 sek\u00e4 yksityinen henkil\u00f6, joka haluaa tukea yhdistyksen toimintaa. Kunniaj\u00e4seneksi voidaan kutsua henkil\u00f6, joka on eritt\u00e4in ansiokkaalla tavalla vaikuttanut yhdistyksen toimintaan. Varsinaisen j\u00e4senen ja kannattajaj\u00e4senen hyv\u00e4ksyy yhdistyksen hallitus. Kunniaj\u00e4senen kutsuu hallituksen esityksest\u00e4 yhdistyksen kokous. Kunnia- ja kannattajaj\u00e4senell\u00e4 on oikeus osallistua yhdistyksen toimintaan, mutta ei \u00e4\u00e4nestyksiin. 6\u00a7 Yhdistyksen j\u00e4senet suorittavat vuosittain j\u00e4senmaksun, jonka suuruuden yhdistyksen vuosikokous p\u00e4\u00e4tt\u00e4\u00e4. Kunniaj\u00e4senelt\u00e4 ei perit\u00e4 j\u00e4senmaksua. 7\u00a7 J\u00e4sen voi erota yhdistyksest\u00e4 ilmoittamalla siit\u00e4 yhdistyslain m\u00e4\u00e4r\u00e4\u00e4m\u00e4ll\u00e4 tavalla. J\u00e4sen katsotaan eronneeksi yhdistyksest\u00e4, mik\u00e4li h\u00e4n on muistutuksesta huolimatta laiminly\u00f6nyt j\u00e4senmaksunsa maksamisen kahden vuoden ajan. Yhdistyksen hallitus voi erottaa j\u00e4senen, joka toimii vastoin yhdistyksen s\u00e4\u00e4nt\u00f6j\u00e4 ja pyrkimyksi\u00e4 tai haittaa vakavasti yhdistyksen tarkoitusperien toteuttamista. 8\u00a7 Yhdistyksen varsinainen vuosikokous pidet\u00e4\u00e4n vuosittain tammi- huhtikuun aikana. Yhdistyksen j\u00e4sen voi osallistua hallituksen niin p\u00e4\u00e4tt\u00e4ess\u00e4 my\u00f6s reaaliaikaisen tietoliikenneyhteyden tai muun teknisen apuv\u00e4lineen avulla kokouksen aikana. Ylim\u00e4\u00e4r\u00e4inen kokous pidet\u00e4\u00e4n, jos hallitus katsoo sen tarpeelliseksi tai jos v\u00e4hint\u00e4\u00e4n 1\/10 \u00e4\u00e4nioikeutetuista j\u00e4senist\u00e4 sit\u00e4 kirjallisesti m\u00e4\u00e4r\u00e4tyn asian k\u00e4sittelemist\u00e4 varten vaatii. Vuosikokous ja mahdolliset ylim\u00e4\u00e4r\u00e4iset kokoukset voidaan j\u00e4rjest\u00e4\u00e4 internetin v\u00e4lityksell\u00e4. 9\u00a7 Yhdistyksen kokouskutsut voidaan l\u00e4hett\u00e4\u00e4 j\u00e4senist\u00f6lle postitse tai s\u00e4hk\u00f6postiviestill\u00e4 sek\u00e4 internetsivuilla julkaistavan ilmoituksen kautta v\u00e4hint\u00e4\u00e4n nelj\u00e4toista (14) vuorokautta ennen kokousta. 10\u00a7 Yhdistyksen kokouksessa on jokaisella varsinaisella j\u00e4senell\u00e4 yksi \u00e4\u00e4ni. P\u00e4\u00e4t\u00f6kset ratkaistaan yksinkertaisella \u00e4\u00e4nten enemmist\u00f6ll\u00e4. \u00c4\u00e4nten menness\u00e4 tasan ratkaisee puheenjohtajan \u00e4\u00e4ni, paitsi vaaleissa arpa. Vaalit on vaadittaessa toimitettava suljetuilla lipuilla. 11 \u00a7 Vuosikokouksessa, jonka avaa yhdistyksen puheenjohtaja tai varapuheenjohtaja k\u00e4sitell\u00e4\u00e4n seuraavat asiat: 1) valitaan kokouksen puheenjohtaja, sihteeri, p\u00f6yt\u00e4kirjantarkastajat ja \u00e4\u00e4ntenlaskijat 2) todetaan kokouksen laillisuus ja p\u00e4\u00e4t\u00f6svaltaisuus 3) vahvistetaan kokouksen ty\u00f6j\u00e4rjestys 4) k\u00e4sitell\u00e4\u00e4n yhdistyksen toimintakertomus edelliselt\u00e4 vuodelta 5) k\u00e4sitell\u00e4\u00e4n yhdistyksen tilinp\u00e4\u00e4t\u00f6s ja tilintarkastajan lausunto edelliselt\u00e4 vuodelta sek\u00e4 p\u00e4\u00e4tet\u00e4\u00e4n tilinp\u00e4\u00e4t\u00f6ksen vahvistamisesta ja vastuuvapauden my\u00f6nt\u00e4misest\u00e4 tilivelvollisille 6) hyv\u00e4ksyt\u00e4\u00e4n yhdistyksen toimintasuunnitelma seuraavalle vuodelle 7) m\u00e4\u00e4r\u00e4t\u00e4\u00e4n seuraavan vuoden j\u00e4senmaksujen suuruudet 8) hyv\u00e4ksyt\u00e4\u00e4n yhdistyksen talousarvio seuraavalle vuodelle 9) valitaan hallituksen puheenjohtaja 10) valitaan hallituksen j\u00e4senet erovuorossa olevien tilalle 11) valitaan yksi tilintarkastaja ja h\u00e4nelle varatilintarkastaja tarkastamaan seuraavan vuoden tilej\u00e4 ja hallintoa 12) k\u00e4sitell\u00e4\u00e4n muut mahdolliset asiat 12\u00a7 Hallitukseen kuuluvat kahdeksi vuodeksi valitut v\u00e4hint\u00e4\u00e4n kuusi (6) ja enint\u00e4\u00e4n kymmenen (10) muuta j\u00e4sent\u00e4, sek\u00e4 puheenjohtaja. Puheenjohtajan toimikausi on yksi vuosi. V\u00e4hint\u00e4\u00e4n puolella hallituksen j\u00e4senist\u00e4 on oltava arthrogrypoosi. Hallituksen j\u00e4senist\u00e4 on vuosittain puolet erovuorossa, ensimm\u00e4isen vuoden kuluttua arvan perusteella, my\u00f6hemmin kukin vuorollaan. Hallitus valitsee keskuudestaan varapuheenjohtajan, sihteerin ja taloudenhoitajan. Sihteeri ja taloudenhoitaja sek\u00e4 muut tarpeelliset toimihenkil\u00f6t voivat olla my\u00f6s hallitukseen kuulumattomia. Hallitus kokoontuu puheenjohtajan tai h\u00e4nen estyneen\u00e4 ollessaan varapuheenjohtajan kutsusta tarpeen vaatiessa, kuitenkin v\u00e4hint\u00e4\u00e4n kerran vuodessa. Hallitus on p\u00e4\u00e4t\u00f6svaltainen, kun puheenjohtajan tai varapuheenjohtajan lis\u00e4ksi v\u00e4hint\u00e4\u00e4n kolme (3) j\u00e4sent\u00e4 on paikalla. Hallituksen kokouksissa p\u00e4\u00e4t\u00f6kset ratkaistaan yksinkertaisella \u00e4\u00e4nten enemmist\u00f6ll\u00e4. \u00c4\u00e4nten menness\u00e4 tasan ratkaisee puheenjohtajan mielipide, paitsi vaaleissa arpa. Hallitus on my\u00f6s kutsuttava koolle, jos v\u00e4hint\u00e4\u00e4n puolet hallituksen j\u00e4senist\u00e4 sit\u00e4 kirjallisesti nimelt\u00e4 mainittua asiaa varten vaatii. 13\u00a7 Hallituksen teht\u00e4viin kuuluu: &#8211; johtaa yhdistyksen yleist\u00e4 toimintaa lain, yhdistyksen s\u00e4\u00e4nt\u00f6jen ja kokousten p\u00e4\u00e4t\u00f6sten mukaisesti &#8211; valmistella yhdistyksen kokouksissa k\u00e4sitelt\u00e4v\u00e4t asiat ja kutsua kokoukset koolle &#8211; hyv\u00e4ksy\u00e4 j\u00e4senet yhdistykseen ja pit\u00e4\u00e4 j\u00e4senluetteloa &#8211; asettaa tarpeelliset toimikunnat &#8211; huolehtia varojen hankinnasta ja omaisuuden hoidosta &#8211; huolehtia siit\u00e4, ett\u00e4 yhdistyksess\u00e4 pidet\u00e4\u00e4n sellaista kirjanpitoa kuin laki ja hyv\u00e4 tapa vaatii &#8211; ottaa ja erottaa yhdistyksen toimihenkil\u00f6t ja m\u00e4\u00e4r\u00e4t\u00e4 ty\u00f6ehdot 14\u00a7 Yhdistyksen nimen kirjoittavat joko puheenjohtaja tai varapuheenjohtaja yksin tai henkil\u00f6 jolla on hallituksen erikseen siihen antama oikeus. 15\u00a7 Yhdistyksen toiminta- ja tilikausi on kalenterivuosi. Yhdistyksen hallituksen tai rahastonhoitajan on toimitettava tuloslaskelma ja tase sek\u00e4 muut hallintoon ja talouteen liittyv\u00e4t asiakirjat tilintarkastajalle siten, ett\u00e4 kaikki tarvittavat asiakirjat ehtiv\u00e4t menn\u00e4 viranomaistahoille lain tai viranomaistahojen m\u00e4\u00e4r\u00e4\u00e4m\u00e4\u00e4n aikarajaan menness\u00e4. 16\u00a7 Yhdistyksen s\u00e4\u00e4nt\u00f6jen muuttamisesta voidaan p\u00e4\u00e4tt\u00e4\u00e4 yhdistyksen vuosikokouksessa tai ylim\u00e4\u00e4r\u00e4isess\u00e4 kokouksessa. S\u00e4\u00e4nt\u00f6jen muuttaminen edellytt\u00e4\u00e4, ett\u00e4 asiasta on mainittu kokouskutsussa ja s\u00e4\u00e4nt\u00f6jen muutosta tarkoittava ehdotus saa hyv\u00e4kseen v\u00e4hint\u00e4\u00e4n 2\/3 m\u00e4\u00e4r\u00e4enemmist\u00f6n annetuista \u00e4\u00e4nist\u00e4. 17\u00a7 Yhdistyksen purkamisesta on p\u00e4\u00e4tett\u00e4v\u00e4 kahdessa per\u00e4kk\u00e4isess\u00e4 kokouksessa, joiden v\u00e4lill\u00e4 tulee olla v\u00e4hint\u00e4\u00e4n kolmekymment\u00e4 (30) vuorokautta ja purkamiseen vaaditaan kummassakin kokouksessa v\u00e4hint\u00e4\u00e4n kolme nelj\u00e4sosaa (3\/4) enemmist\u00f6 annetuista \u00e4\u00e4nist\u00e4. Yhdistyksen purkautuessa tai sen tultua lakkautetuksi yhdistyksen viimeinen kokous m\u00e4\u00e4r\u00e4\u00e4 tavan, jolla varat k\u00e4ytet\u00e4\u00e4n arthrogrypoosia sairastavien henkil\u00f6iden hyv\u00e4ksi. 18\u00a7 Asioissa, joista ei ole m\u00e4\u00e4r\u00e4yst\u00e4 n\u00e4iss\u00e4 s\u00e4\u00e4nn\u00f6iss\u00e4, noudatetaan voimassa olevaa yhdistyslakia. 19\u00a7 S\u00e4\u00e4nt\u00f6jen muutos tulee voimaan, kun se merkit\u00e4\u00e4n yhdistysrekisteriin.<\/p>\n","protected":false},"author":1,"featured_media":0,"parent":20,"menu_order":3,"comment_status":"closed","ping_status":"closed","template":"","meta":{"ngg_post_thumbnail":0,"footnotes":""},"class_list":["post-67","page","type-page","status-publish","hentry"],"_links":{"self":[{"href":"https:\/\/www.amc.fi\/index.php?rest_route=\/wp\/v2\/pages\/67","targetHints":{"allow":["GET"]}}],"collection":[{"href":"https:\/\/www.amc.fi\/index.php?rest_route=\/wp\/v2\/pages"}],"about":[{"href":"https:\/\/www.amc.fi\/index.php?rest_route=\/wp\/v2\/types\/page"}],"author":[{"embeddable":true,"href":"https:\/\/www.amc.fi\/index.php?rest_route=\/wp\/v2\/users\/1"}],"replies":[{"embeddable":true,"href":"https:\/\/www.amc.fi\/index.php?rest_route=%2Fwp%2Fv2%2Fcomments&post=67"}],"version-history":[{"count":8,"href":"https:\/\/www.amc.fi\/index.php?rest_route=\/wp\/v2\/pages\/67\/revisions"}],"predecessor-version":[{"id":202,"href":"https:\/\/www.amc.fi\/index.php?rest_route=\/wp\/v2\/pages\/67\/revisions\/202"}],"up":[{"embeddable":true,"href":"https:\/\/www.amc.fi\/index.php?rest_route=\/wp\/v2\/pages\/20"}],"wp:attachment":[{"href":"https:\/\/www.amc.fi\/index.php?rest_route=%2Fwp%2Fv2%2Fmedia&parent=67"}],"curies":[{"name":"wp","href":"https:\/\/api.w.org\/{rel}","templated":true}]}}