{"id":41,"date":"2017-03-14T23:09:56","date_gmt":"2017-03-14T20:09:56","guid":{"rendered":"http:\/\/www.amc.fi\/?page_id=41"},"modified":"2018-10-21T10:45:40","modified_gmt":"2018-10-21T07:45:40","slug":"mika-on-amc","status":"publish","type":"page","link":"https:\/\/www.amc.fi\/?page_id=41","title":{"rendered":"Mik\u00e4 on AMC?"},"content":{"rendered":"<p>Linkkej\u00e4 hy\u00f6dyllisiin\u00a0oppaisiin ohessa:<\/p>\n<ul>\n<li style=\"text-align: left;\">Invalidiliitto, Ensitieto-opas vanhemmille:\u00a0<a href=\"https:\/\/www.invalidiliitto.fi\/sites\/default\/files\/2016-11\/AMC-opas%20netti.pdf\" target=\"_blank\" rel=\"noopener\">https:\/\/www.invalidiliitto.fi\/sites\/default\/files\/2016-11\/AMC-opas%20netti.pdf<\/a><\/li>\n<\/ul>\n<ul>\n<li style=\"text-align: left;\">Lapin Kuntoutus Oy,\u00a0AMC \u2013kuntoutusopas:\u00a0<a href=\"http:\/\/www.lapinkuntoutus.fi\/files\/attachments\/laku\/harvinaiset-yksikko\/amc-kuntoutusopas.pdf\" target=\"_blank\" rel=\"noopener\">http:\/\/www.lapinkuntoutus.fi\/files\/attachments\/laku\/harvinaiset-yksikko\/amc-kuntoutusopas.pdf<\/a><\/li>\n<\/ul>\n","protected":false},"excerpt":{"rendered":"<p>Linkkej\u00e4 hy\u00f6dyllisiin\u00a0oppaisiin ohessa: Invalidiliitto, Ensitieto-opas vanhemmille:\u00a0https:\/\/www.invalidiliitto.fi\/sites\/default\/files\/2016-11\/AMC-opas%20netti.pdf Lapin Kuntoutus Oy,\u00a0AMC \u2013kuntoutusopas:\u00a0http:\/\/www.lapinkuntoutus.fi\/files\/attachments\/laku\/harvinaiset-yksikko\/amc-kuntoutusopas.pdf<\/p>\n","protected":false},"author":1,"featured_media":0,"parent":0,"menu_order":1,"comment_status":"closed","ping_status":"closed","template":"","meta":{"ngg_post_thumbnail":0,"footnotes":""},"class_list":["post-41","page","type-page","status-publish","hentry"],"_links":{"self":[{"href":"https:\/\/www.amc.fi\/index.php?rest_route=\/wp\/v2\/pages\/41","targetHints":{"allow":["GET"]}}],"collection":[{"href":"https:\/\/www.amc.fi\/index.php?rest_route=\/wp\/v2\/pages"}],"about":[{"href":"https:\/\/www.amc.fi\/index.php?rest_route=\/wp\/v2\/types\/page"}],"author":[{"embeddable":true,"href":"https:\/\/www.amc.fi\/index.php?rest_route=\/wp\/v2\/users\/1"}],"replies":[{"embeddable":true,"href":"https:\/\/www.amc.fi\/index.php?rest_route=%2Fwp%2Fv2%2Fcomments&post=41"}],"version-history":[{"count":5,"href":"https:\/\/www.amc.fi\/index.php?rest_route=\/wp\/v2\/pages\/41\/revisions"}],"predecessor-version":[{"id":345,"href":"https:\/\/www.amc.fi\/index.php?rest_route=\/wp\/v2\/pages\/41\/revisions\/345"}],"wp:attachment":[{"href":"https:\/\/www.amc.fi\/index.php?rest_route=%2Fwp%2Fv2%2Fmedia&parent=41"}],"curies":[{"name":"wp","href":"https:\/\/api.w.org\/{rel}","templated":true}]}}