{"id":361,"date":"2018-10-21T10:50:00","date_gmt":"2018-10-21T07:50:00","guid":{"rendered":"https:\/\/www.amc.fi\/?page_id=361"},"modified":"2019-04-19T10:45:13","modified_gmt":"2019-04-19T07:45:13","slug":"arkea-helpottavat-palvelut","status":"publish","type":"page","link":"https:\/\/www.amc.fi\/?page_id=361","title":{"rendered":"Arkea helpottavat palvelut"},"content":{"rendered":"<p>T\u00e4lle sivulle tulee sis\u00e4lt\u00f6\u00e4 pian!<\/p>\n","protected":false},"excerpt":{"rendered":"<p>T\u00e4lle sivulle tulee sis\u00e4lt\u00f6\u00e4 pian!<\/p>\n","protected":false},"author":2,"featured_media":0,"parent":41,"menu_order":2,"comment_status":"closed","ping_status":"closed","template":"","meta":{"ngg_post_thumbnail":0,"footnotes":""},"class_list":["post-361","page","type-page","status-publish","hentry"],"_links":{"self":[{"href":"https:\/\/www.amc.fi\/index.php?rest_route=\/wp\/v2\/pages\/361","targetHints":{"allow":["GET"]}}],"collection":[{"href":"https:\/\/www.amc.fi\/index.php?rest_route=\/wp\/v2\/pages"}],"about":[{"href":"https:\/\/www.amc.fi\/index.php?rest_route=\/wp\/v2\/types\/page"}],"author":[{"embeddable":true,"href":"https:\/\/www.amc.fi\/index.php?rest_route=\/wp\/v2\/users\/2"}],"replies":[{"embeddable":true,"href":"https:\/\/www.amc.fi\/index.php?rest_route=%2Fwp%2Fv2%2Fcomments&post=361"}],"version-history":[{"count":4,"href":"https:\/\/www.amc.fi\/index.php?rest_route=\/wp\/v2\/pages\/361\/revisions"}],"predecessor-version":[{"id":398,"href":"https:\/\/www.amc.fi\/index.php?rest_route=\/wp\/v2\/pages\/361\/revisions\/398"}],"up":[{"embeddable":true,"href":"https:\/\/www.amc.fi\/index.php?rest_route=\/wp\/v2\/pages\/41"}],"wp:attachment":[{"href":"https:\/\/www.amc.fi\/index.php?rest_route=%2Fwp%2Fv2%2Fmedia&parent=361"}],"curies":[{"name":"wp","href":"https:\/\/api.w.org\/{rel}","templated":true}]}}