{"id":32,"date":"2017-03-14T23:06:14","date_gmt":"2017-03-14T20:06:14","guid":{"rendered":"http:\/\/www.amc.fi\/?page_id=32"},"modified":"2025-06-06T02:00:12","modified_gmt":"2025-06-05T23:00:12","slug":"hallituksen-kokoukset","status":"publish","type":"page","link":"https:\/\/www.amc.fi\/?page_id=32","title":{"rendered":"Toimintasuunnitelma ja Kokousp\u00f6yt\u00e4kirjat"},"content":{"rendered":"<p><strong>Yhdistyksen vuosikokouskutsu\/esityslista vuodelle 2024:<\/strong><\/p>\n<ul>\n<li><em>Ei viel\u00e4 julkaistu<\/em><\/li>\n<\/ul>\n<p><strong>Yhdistyksen toimintasuunnitelmat:<\/strong><\/p>\n<p><em>Ei viel\u00e4 julkaistu internet-versiota (toimintasuunnitelman voit tiedustella n\u00e4ht\u00e4v\u00e4ksi ottamalla yhteytt\u00e4 yhdistyksen hallitukseen)<\/em><\/p>\n<p><strong>Yhdistyksen vuosikokousten p\u00f6yt\u00e4kirjat:<\/strong><\/p>\n<ul>\n<li><p><img decoding=\"async\" src=\"https:\/\/www.amc.fi\/wp-content\/plugins\/wp-downloadmanager\/images\/ext\/pdf.gif\" alt=\"\" title=\"\" style=\"vertical-align: middle;\" \/>&nbsp;&nbsp;<strong><a href=\"https:\/\/www.amc.fi\/?dl_id=31\">AMC RY yhdistyksen vuosikokous 22.3.2025<\/a><\/strong> (54,6 KiB, 596 hits)<\/p><\/li>\n<li><p><img decoding=\"async\" src=\"https:\/\/www.amc.fi\/wp-content\/plugins\/wp-downloadmanager\/images\/ext\/pdf.gif\" alt=\"\" title=\"\" style=\"vertical-align: middle;\" \/>&nbsp;&nbsp;<strong><a href=\"https:\/\/www.amc.fi\/?dl_id=30\">AMC RY yhdistyksen vuosikokous 9.3.2024<\/a><\/strong> (124,2 KiB, 1&nbsp;150 hits)<\/p><\/li>\n<li><p><img decoding=\"async\" src=\"https:\/\/www.amc.fi\/wp-content\/plugins\/wp-downloadmanager\/images\/ext\/pdf.gif\" alt=\"\" title=\"\" style=\"vertical-align: middle;\" \/>&nbsp;&nbsp;<strong><a href=\"https:\/\/www.amc.fi\/?dl_id=29\">AMC RY yhdistyksen vuosikokous 18.3.2023<\/a><\/strong> (61,2 KiB, 1&nbsp;011 hits)<\/p><\/li>\n<li><p><img decoding=\"async\" src=\"https:\/\/www.amc.fi\/wp-content\/plugins\/wp-downloadmanager\/images\/ext\/pdf.gif\" alt=\"\" title=\"\" style=\"vertical-align: middle;\" \/>&nbsp;&nbsp;<strong><a href=\"https:\/\/www.amc.fi\/?dl_id=27\">AMC RY yhdistyksen vuosikokous 22.5.2022<\/a><\/strong> (1&nbsp;001,3 KiB, 1&nbsp;187 hits)<\/p><\/li>\n<li><p><img decoding=\"async\" src=\"https:\/\/www.amc.fi\/wp-content\/plugins\/wp-downloadmanager\/images\/ext\/pdf.gif\" alt=\"\" title=\"\" style=\"vertical-align: middle;\" \/>&nbsp;&nbsp;<strong><a href=\"https:\/\/www.amc.fi\/?dl_id=25\">AMC RY yhdistyksen vuosikokous 16.4.2021<\/a><\/strong> (143,4 KiB, 1&nbsp;228 hits)<\/p><\/li>\n<li><p><img decoding=\"async\" src=\"https:\/\/www.amc.fi\/wp-content\/plugins\/wp-downloadmanager\/images\/ext\/pdf.gif\" alt=\"\" title=\"\" style=\"vertical-align: middle;\" \/>&nbsp;&nbsp;<strong><a href=\"https:\/\/www.amc.fi\/?dl_id=24\">AMC RY yhdistyksen vuosikokous 18.12.2020<\/a><\/strong> (146,1 KiB, 1&nbsp;102 hits)<\/p><\/li>\n<li><p><img decoding=\"async\" src=\"https:\/\/www.amc.fi\/wp-content\/plugins\/wp-downloadmanager\/images\/ext\/pdf.gif\" alt=\"\" title=\"\" style=\"vertical-align: middle;\" \/>&nbsp;&nbsp;<strong><a href=\"https:\/\/www.amc.fi\/?dl_id=22\">AMC RY yhdistyksen vuosikokous 30.3.2019<\/a><\/strong> (59,8 KiB, 1&nbsp;476 hits)<\/p><\/li>\n<li><p><img decoding=\"async\" src=\"https:\/\/www.amc.fi\/wp-content\/plugins\/wp-downloadmanager\/images\/ext\/pdf.gif\" alt=\"\" title=\"\" style=\"vertical-align: middle;\" \/>&nbsp;&nbsp;<strong><a href=\"https:\/\/www.amc.fi\/?dl_id=18\">AMC RY yhdistyksen vuosikokous 17.3.2018<\/a><\/strong> (54,5 KiB, 2&nbsp;035 hits)<\/p><\/li>\n<li><p><img decoding=\"async\" src=\"https:\/\/www.amc.fi\/wp-content\/plugins\/wp-downloadmanager\/images\/ext\/pdf.gif\" alt=\"\" title=\"\" style=\"vertical-align: middle;\" \/>&nbsp;&nbsp;<strong><a href=\"https:\/\/www.amc.fi\/?dl_id=12\">AMC RY yhdistyksen Ylim\u00e4\u00e4r\u00e4inen Syys vuosikokous 23.9.2017<\/a><\/strong> (63,8 KiB, 1&nbsp;700 hits)<\/p><\/li>\n<li><p><img decoding=\"async\" src=\"https:\/\/www.amc.fi\/wp-content\/plugins\/wp-downloadmanager\/images\/ext\/pdf.gif\" alt=\"\" title=\"\" style=\"vertical-align: middle;\" \/>&nbsp;&nbsp;<strong><a href=\"https:\/\/www.amc.fi\/?dl_id=9\">AMC RY yhdistyksen Kev\u00e4t vuosikokous 19.3.2017<\/a><\/strong> (112,6 KiB, 1&nbsp;591 hits)<\/p><\/li>\n<li><p><img decoding=\"async\" src=\"https:\/\/www.amc.fi\/wp-content\/plugins\/wp-downloadmanager\/images\/ext\/pdf.gif\" alt=\"\" title=\"\" style=\"vertical-align: middle;\" \/>&nbsp;&nbsp;<strong><a href=\"https:\/\/www.amc.fi\/?dl_id=5\">AMC RY yhdistyksen vuosikokous 18.9.2016<\/a><\/strong> (54,9 KiB, 1&nbsp;666 hits)<\/p><\/li>\n<\/ul>\n<p><strong>Yhdistyksen hallituksen kokousten p\u00f6yt\u00e4kirjat:<\/strong><\/p>\n<p><em>Yhdistyksen hallituksen kokousten p\u00f6yt\u00e4kirjoja voit tiedustella n\u00e4ht\u00e4v\u00e4ksi ottamalla yhteytt\u00e4 yhdistyksen hallitukseen<\/em><\/p>\n","protected":false},"excerpt":{"rendered":"<p>Yhdistyksen vuosikokouskutsu\/esityslista vuodelle 2024: Ei viel\u00e4 julkaistu Yhdistyksen toimintasuunnitelmat: Ei viel\u00e4 julkaistu internet-versiota (toimintasuunnitelman voit tiedustella n\u00e4ht\u00e4v\u00e4ksi ottamalla yhteytt\u00e4 yhdistyksen hallitukseen) Yhdistyksen vuosikokousten p\u00f6yt\u00e4kirjat: Yhdistyksen hallituksen kokousten p\u00f6yt\u00e4kirjat: Yhdistyksen hallituksen kokousten p\u00f6yt\u00e4kirjoja voit tiedustella n\u00e4ht\u00e4v\u00e4ksi ottamalla yhteytt\u00e4 yhdistyksen hallitukseen<\/p>\n","protected":false},"author":1,"featured_media":0,"parent":20,"menu_order":2,"comment_status":"closed","ping_status":"closed","template":"","meta":{"ngg_post_thumbnail":0,"footnotes":""},"class_list":["post-32","page","type-page","status-publish","hentry"],"_links":{"self":[{"href":"https:\/\/www.amc.fi\/index.php?rest_route=\/wp\/v2\/pages\/32","targetHints":{"allow":["GET"]}}],"collection":[{"href":"https:\/\/www.amc.fi\/index.php?rest_route=\/wp\/v2\/pages"}],"about":[{"href":"https:\/\/www.amc.fi\/index.php?rest_route=\/wp\/v2\/types\/page"}],"author":[{"embeddable":true,"href":"https:\/\/www.amc.fi\/index.php?rest_route=\/wp\/v2\/users\/1"}],"replies":[{"embeddable":true,"href":"https:\/\/www.amc.fi\/index.php?rest_route=%2Fwp%2Fv2%2Fcomments&post=32"}],"version-history":[{"count":30,"href":"https:\/\/www.amc.fi\/index.php?rest_route=\/wp\/v2\/pages\/32\/revisions"}],"predecessor-version":[{"id":678,"href":"https:\/\/www.amc.fi\/index.php?rest_route=\/wp\/v2\/pages\/32\/revisions\/678"}],"up":[{"embeddable":true,"href":"https:\/\/www.amc.fi\/index.php?rest_route=\/wp\/v2\/pages\/20"}],"wp:attachment":[{"href":"https:\/\/www.amc.fi\/index.php?rest_route=%2Fwp%2Fv2%2Fmedia&parent=32"}],"curies":[{"name":"wp","href":"https:\/\/api.w.org\/{rel}","templated":true}]}}