{"id":3,"date":"2017-03-14T22:03:49","date_gmt":"2017-03-14T19:03:49","guid":{"rendered":"http:\/\/www.amc.fi\/?page_id=3"},"modified":"2026-02-14T19:17:23","modified_gmt":"2026-02-14T17:17:23","slug":"etusivu","status":"publish","type":"page","link":"https:\/\/www.amc.fi\/","title":{"rendered":"Tervetuloa"},"content":{"rendered":"<p>AMC Ry on yhdistys joka tarjoaa tietoa ja vertaistukea AMC, eli Arthrogryposis multiplex congenita (Q74.3\/ICD-10) diagnoosista.&nbsp;Suomenkieless\u00e4 diagnoosi tunnetaan usein nimill\u00e4: Synnynn\u00e4inen nivelj\u00e4ykistym\u00e4sairaus ja AMC.<\/p>\n<p>Mit\u00e4 sin\u00e4 tarvitset juuri nyt? Kuumakivihierontaa emme pysty tarjoamaan,<br>mutta kuuntelevan korvan kyll\u00e4kin \u2013 ja kohtaamisia vertaisten kanssa!<\/p>\n<p><strong><a href=\"https:\/\/www.facebook.com\/groups\/141101569297803\/\" target=\"_blank\" rel=\"noopener noreferrer\">Facebook-sivuillamme voit osallistua keskusteluun!<\/a><\/strong><\/p>\n<p><a href=\"https:\/\/www.amc.fi\/?page_id=47\" target=\"_blank\" rel=\"noopener noreferrer\"><strong>Mit\u00e4 sin\u00e4 haluaisit tehd\u00e4 yhdistyksess\u00e4mme? Liity j\u00e4seneksi.<\/strong><\/a><br>Olet tervetullut ja tarvittu!<\/p>\n\n\n<p>Muihin AMC-henkil\u00f6ihin ja l\u00e4heisiin p\u00e4\u00e4set verkostoitumaan sosiaalisessa mediassa. Facebookista l\u00f6ytyy ryhm\u00e4 <a href=\"https:\/\/www.facebook.com\/groups\/141101569297803\/?_rdr\" data-type=\"link\" data-id=\"https:\/\/www.facebook.com\/groups\/141101569297803\/?_rdr\" target=\"_blank\" rel=\"noreferrer noopener\"><mark style=\"background-color:rgba(0, 0, 0, 0)\" class=\"has-inline-color has-vivid-cyan-blue-color\">AMC ry<\/mark><\/a> ja Instagramista yhdistys l\u00f6ytyy nimell\u00e4 <a href=\"https:\/\/www.instagram.com\/amcfinland\/\" data-type=\"link\" data-id=\"https:\/\/www.instagram.com\/amcfinland\/\" target=\"_blank\" rel=\"noreferrer noopener\"><mark style=\"background-color:rgba(0, 0, 0, 0)\" class=\"has-inline-color has-vivid-cyan-blue-color\">@amcfinland<\/mark><\/a>.<\/p>\n\n\n\n<p><\/p>\n","protected":false},"excerpt":{"rendered":"<p>AMC Ry on yhdistys joka tarjoaa tietoa ja vertaistukea AMC, eli Arthrogryposis multiplex congenita (Q74.3\/ICD-10) diagnoosista.&nbsp;Suomenkieless\u00e4 diagnoosi tunnetaan usein nimill\u00e4: Synnynn\u00e4inen nivelj\u00e4ykistym\u00e4sairaus ja AMC. Mit\u00e4 sin\u00e4 tarvitset juuri nyt? Kuumakivihierontaa emme pysty tarjoamaan,mutta kuuntelevan korvan kyll\u00e4kin \u2013 ja kohtaamisia vertaisten kanssa! Facebook-sivuillamme voit osallistua keskusteluun! Mit\u00e4 sin\u00e4 haluaisit tehd\u00e4 yhdistyksess\u00e4mme? Liity j\u00e4seneksi.Olet tervetullut ja tarvittu! Muihin AMC-henkil\u00f6ihin ja l\u00e4heisiin p\u00e4\u00e4set verkostoitumaan sosiaalisessa mediassa. Facebookista l\u00f6ytyy ryhm\u00e4 AMC ry ja Instagramista yhdistys l\u00f6ytyy nimell\u00e4 @amcfinland.<\/p>\n","protected":false},"author":1,"featured_media":0,"parent":0,"menu_order":0,"comment_status":"closed","ping_status":"closed","template":"","meta":{"ngg_post_thumbnail":0,"footnotes":""},"class_list":["post-3","page","type-page","status-publish","hentry"],"_links":{"self":[{"href":"https:\/\/www.amc.fi\/index.php?rest_route=\/wp\/v2\/pages\/3","targetHints":{"allow":["GET"]}}],"collection":[{"href":"https:\/\/www.amc.fi\/index.php?rest_route=\/wp\/v2\/pages"}],"about":[{"href":"https:\/\/www.amc.fi\/index.php?rest_route=\/wp\/v2\/types\/page"}],"author":[{"embeddable":true,"href":"https:\/\/www.amc.fi\/index.php?rest_route=\/wp\/v2\/users\/1"}],"replies":[{"embeddable":true,"href":"https:\/\/www.amc.fi\/index.php?rest_route=%2Fwp%2Fv2%2Fcomments&post=3"}],"version-history":[{"count":95,"href":"https:\/\/www.amc.fi\/index.php?rest_route=\/wp\/v2\/pages\/3\/revisions"}],"predecessor-version":[{"id":702,"href":"https:\/\/www.amc.fi\/index.php?rest_route=\/wp\/v2\/pages\/3\/revisions\/702"}],"wp:attachment":[{"href":"https:\/\/www.amc.fi\/index.php?rest_route=%2Fwp%2Fv2%2Fmedia&parent=3"}],"curies":[{"name":"wp","href":"https:\/\/api.w.org\/{rel}","templated":true}]}}