{"id":231,"date":"2018-03-22T21:20:12","date_gmt":"2018-03-22T18:20:12","guid":{"rendered":"http:\/\/www.amc.fi\/?page_id=231"},"modified":"2024-09-17T10:27:53","modified_gmt":"2024-09-17T07:27:53","slug":"rekisteriseloste","status":"publish","type":"page","link":"https:\/\/www.amc.fi\/?page_id=231","title":{"rendered":"Tietosuoja- ja Rekisteriseloste"},"content":{"rendered":"<h2>Ehdot ja edellytykset \u2013 AMC ry<\/h2>\n<p><strong>AMC ry:n<\/strong> ja\/tai mink\u00e4tahansa yhdistyksemme alaisen muun toimielimen j\u00e4senyys, sek\u00e4 verkkopalveluidemme k\u00e4ytt\u00f6 edellytt\u00e4\u00e4 ett\u00e4 hyv\u00e4ksyt rekisteriselosteessa mainittujen tietojen tallentamisen j\u00e4senrekisteriin. Yhdistys toimii rekisterinpit\u00e4j\u00e4n\u00e4 niille henkil\u00f6tiedoille, joita ker\u00e4\u00e4mme yhdistyksen toimintaan osallistuvista. Rekisterinpit\u00e4j\u00e4 on vastuussa sille annetuista henkil\u00f6tiedoista ja niiden k\u00e4sittelyst\u00e4. Tietosuojassa kyse on luottamuksesta, ja yksityisyytesi sek\u00e4 henkil\u00f6tietojesi suojaaminen on seuralle ensiarvoisen t\u00e4rke\u00e4\u00e4. Sen vuoksi ker\u00e4\u00e4mme henkil\u00f6tietojasi vain niiss\u00e4 m\u00e4\u00e4rin, kuin tarvitsemme niit\u00e4 yll\u00e4pit\u00e4\u00e4ksemme ja hoitaaksemme suhdetta yhdistyksen toimintaan osallistuviin. T\u00e4ss\u00e4 tietosuojaselosteessa on k\u00e4sitelty niit\u00e4 periaatteita, joita yhdistys toteuttaa henkil\u00f6tietoja k\u00e4sittelyss\u00e4.<\/p>\n<h2>TIETOSUOJA- JA REKISTERISELOSTE<\/h2>\n<p>Henkil\u00f6tietolain 10 \u00a7 ja 24 \u00a7 mukainen rekisteriseloste, sek\u00e4 EU:n tietosuoja-asetuksen 2016\/679 mukainen tietosuojaseloste.<\/p>\n<p>Tietosuojaseloste<br \/>\nAMC Ry:n j\u00e4senrekisteri<\/p>\n<p><strong>1. REKISTERIN PIT\u00c4J\u00c4<\/strong><br \/>\nNimi: AMC Ry, 1828485-7<br \/>\nPostiosoite: Rauhankatu 1bB 27, 20100 Turku (Finland)<br \/>\nPuhelinnumero: +358500730662<br \/>\nS\u00e4hk\u00f6postiosoite: hallitus@amc.fi<br \/>\nWww-osoite: https:\/\/www.amc.fi\/<\/p>\n<p><strong>2. YHTEYSHENKIL\u00d6 REKISTERI\u00c4 KOSKEVISSA ASIOISSA<\/strong><br \/>\nNimi: AMC Ry \/ Tietosuoja<br \/>\nPostiosoite: Rauhankatu 1bB 27, 20100 Turku (Finland)<br \/>\nPuhelinnumero: +358500730662<br \/>\nS\u00e4hk\u00f6postiosoite: hallitus@amc.fi<\/p>\n<p><strong>3. REKISTERIN NIMI<\/strong><br \/>\nAMC Ry:n j\u00e4senrekisteri<\/p>\n<p><strong>4. HENKIL\u00d6TIETOJEN K\u00c4SITTELYN TARKOITUS<\/strong><br \/>\n\u2013 Yll\u00e4pit\u00e4\u00e4 rekister\u00f6ityjen yhteystietoja<br \/>\n\u2013 Kirjata ensisijaiset diagnoosi- ja apuv\u00e4linetiedot liittymishetkell\u00e4<br \/>\n\u2013 Laskuttaa j\u00e4senten j\u00e4senmaksut<br \/>\n\u2013 Luvat (esim. kuvien, videoiden ja muiden materiaalien k\u00e4yt\u00f6st\u00e4, joissa j\u00e4senemme ovat osana)<br \/>\n\u2013 Mahdolliset j\u00e4senyyteen ja merkkip\u00e4iviin liittyv\u00e4t muistamiset<br \/>\n\u2013 Yhteydenpito j\u00e4senist\u00f6\u00f6n<br \/>\n\u2013 Yll\u00e4pit\u00e4\u00e4 mahdollista lehtirekisteri\u00e4<br \/>\n\u2013 Tilastotieto toiminnan suunnittelua, arviointia ja kehitt\u00e4mist\u00e4 varten<br \/>\n\u2013 Mahdolliset muut yhdistyksen toimintaan liittyv\u00e4t tarkoitukset (esim. koulutuksiin liittyv\u00e4 henkil\u00f6tietojen k\u00e4sittely)<\/p>\n<p><strong>5. REKISTERIN TIETOSIS\u00c4LT\u00d6<\/strong><br \/>\n\u2013 Henkil\u00f6tiedot: nimi, osoite, puhelinnumero, s\u00e4hk\u00f6postiosoite, syntym\u00e4aika, sukupuoli, vamma tai diagnoosi ja apuv\u00e4linetieto, luottamustoimet, laskuluettelo, muut mahdolliset tiedot<br \/>\n\u2013 J\u00e4senyyden kuluessa kertynyt tieto henkil\u00f6tietojen k\u00e4sittelyn tarkoitus-kohdan asioista<\/p>\n<p><strong>6. S\u00c4\u00c4NN\u00d6NMUKAISET TIETOL\u00c4HTEET<\/strong><br \/>\n\u2013 Rekister\u00f6ityjen itse antama tieto<\/p>\n<p><strong>7. TIETOJEN S\u00c4\u00c4NN\u00d6NMUKAISET LUOVUTUKSET<\/strong><br \/>\nJ\u00e4senten nimi, osoite, (s\u00e4hk\u00f6postiosoite, puhelinnumero) ja syntym\u00e4aika tallennetaan Invalidiliitto ry:n henkil\u00f6tietorekisteriin. Tietoja k\u00e4ytet\u00e4\u00e4n It-lehden tilaajarekisteriss\u00e4, j\u00e4rjest\u00f6vakuutuksen vakuutettujen rekisteriss\u00e4, liittovaalien yhteydess\u00e4 \u00e4\u00e4nioikeutettujen rekisteriss\u00e4, j\u00e4senkorttien postitusrekisteriss\u00e4, j\u00e4senlaskutuksessa (jos yhdistys kuuluu Invalidiliiton j\u00e4senmaksupalveluun) sek\u00e4 Invalidiliiton yhteydenpidossa j\u00e4seniin. Rekisterinpit\u00e4j\u00e4 ei luovuta s\u00e4\u00e4nn\u00f6nmukaisesti muita rekister\u00f6ityjen henkil\u00f6tietoja ulkopuolisille.<\/p>\n<p><strong>8. TIETOJEN SIIRTO EU:N TAI ETA:N ULKOPUOLELLE<\/strong><br \/>\nTietoja ei luovuteta EU:n tai Euroopan talousalueen ulkopuolelle.<\/p>\n<p><strong>9. REKISTERIN SUOJAUKSEN PERIAATTEET<\/strong><br \/>\nRekisteriin tallennettavat tiedot vaativat henkil\u00f6n suostumuksen tietojen tallentamiseen. Yhdistyksen j\u00e4senyys oikeuttaa nimi-, postiosoite ja kotipaikkatietojen tallentamisen.<\/p>\n<p>Lis\u00e4ksi rekister\u00f6ity antaa 25.5.2018 alkaen alkaen yleissuostumuksen kaikkiin yhdistyksen toimintaan liittyvien tietojen tallentamisen rekister\u00f6itym\u00e4ll\u00e4\/olemalla j\u00e4senen\u00e4.<\/p>\n<p>Rekisterin sis\u00e4lt\u00e4mi\u00e4 henkil\u00f6tietoja ovat oikeutettuja asianmukaisesti k\u00e4sittelem\u00e4\u00e4n vain k\u00e4ytt\u00f6oikeuden saaneet, j\u00e4senyhdistyksen tietosuojavastaava tai tietosuoja-asioista vastaava\/t.<\/p>\n<p>Rekisteritietoja s\u00e4ilytet\u00e4\u00e4n niin kauan kunnes rekister\u00f6ity itse pyyt\u00e4\u00e4 poistamaan h\u00e4nt\u00e4 koskevat j\u00e4sentiedot rekisterist\u00e4 tai j\u00e4senyyden katsotaan muuten p\u00e4\u00e4ttyneen, ellei jokin velvollisuus lain, viranomaism\u00e4\u00e4r\u00e4yksen tai muun pakottavan syyn johdosta pakota n\u00e4it\u00e4 tietoja pidemp\u00e4\u00e4n s\u00e4ilytt\u00e4m\u00e4\u00e4n.<\/p>\n<p><strong>10. REKISTERITIETOJEN S\u00c4ILYTYS<\/strong><br \/>\nTiedot tallennetaan Keh\u00e4tieto Oy:n toimittamaan Kilta j\u00e4senrekisteriin. Paperisten hakemusten ja suostumusten tiedot siirret\u00e4\u00e4n j\u00e4senrekisteriin. Tallennuksen j\u00e4lkeen papereita s\u00e4ilytet\u00e4\u00e4n, kuten henkil\u00f6kohtaisia arkaluontoisia tietoja sis\u00e4lt\u00e4v\u00e4t dokumentit lain mukaan tulee s\u00e4ilytt\u00e4\u00e4, j\u00e4senyyden ajan.<\/p>\n<p>J\u00e4rjestelm\u00e4n k\u00e4ytt\u00f6oikeudet perustuvat henkil\u00f6kohtaisiin k\u00e4ytt\u00e4j\u00e4tunnuksiin ja salasanoihin ja niiden k\u00e4ytt\u00f6\u00e4 valvotaan. K\u00e4ytt\u00f6oikeus p\u00e4\u00e4tet\u00e4\u00e4n henkil\u00f6n siirtyess\u00e4 pois teht\u00e4v\u00e4st\u00e4.<\/p>\n<p><strong>11. REKISTER\u00d6IDYN INFORMOINTI<\/strong><br \/>\nTietosuojaseloste on saatavilla<br \/>\n\u2013 AMC Ry:n kotisivulla<br \/>\n\u2013 pyydett\u00e4ess\u00e4 tietosuojasta vastaavalta henkil\u00f6lt\u00e4 postitettuna tai s\u00e4hk\u00f6postitse<\/p>\n<p><strong>12. TARKASTUSOIKEUS<\/strong><br \/>\nRekister\u00f6idyll\u00e4 on oikeus tarkastaa itse\u00e4\u00e4n koskevat henkil\u00f6tiedot. Rekister\u00f6ity voi esitt\u00e4\u00e4 tarkastusoikeutta koskevan pyynn\u00f6n henkil\u00f6kohtaisesti tai kirjallisesti oman j\u00e4senyhdistyksens\u00e4 yhteyshenkil\u00f6lle omak\u00e4tisesti allekirjoitetulla kirjeell\u00e4, s\u00e4hk\u00f6postitse tai henkil\u00f6kohtaisesti k\u00e4ym\u00e4ll\u00e4 tai toimittamalla kirjallinen rekisteritietojen tarkastuspyynt\u00f6 oman j\u00e4senyhdistyksens\u00e4 yhteyshenkil\u00f6lle. Henkil\u00f6llisyys tarkistetaan ennen tietojen luovuttamista. Tiedot luovutetaan ilman aiheetonta viivytyst\u00e4. Mahdollisesta tarkastusoikeuden ep\u00e4\u00e4misest\u00e4 annetaan kirjallinen todistus.<\/p>\n<p>Tarkastusoikeuttaan k\u00e4ytt\u00e4m\u00e4\u00e4n pyrkinyt voi viel\u00e4 asian tietosuojavaltuutetun k\u00e4sitelt\u00e4v\u00e4ksi ja arvioitavaksi saatuaan kirjallisesti perustellun ep\u00e4\u00e4mistodistuksen. Tietosuojavaltuutetun k\u00e4sittely on maksuton kerran vuodessa, muuten perit\u00e4\u00e4n tarkastuksesta aiheutuviin v\u00e4litt\u00f6miin kustannuksiin perustuva kohtuullinen maksu.<\/p>\n<p><strong>13. OIKEUS VAATIA TIEDON KORJAAMISTA<\/strong><br \/>\nRekister\u00f6idyll\u00e4 on oikeus vaatia rekisteriss\u00e4 olevan k\u00e4sittelyn kannalta virheellisen, tarpeettoman, puutteellisen tai vanhentuneen tiedon oikaisemista, poistamista tai t\u00e4ydent\u00e4mist\u00e4 ilman aiheetonta viivett\u00e4. Vaatimus henkil\u00f6tietojen korjaamisesta pyydet\u00e4\u00e4n toimittamaan s\u00e4hk\u00f6postitse yhteyshenkil\u00f6lle toimittamalla kirjallinen rekisteritietojen korjaamisvaatimus.<\/p>\n<p>Rekisterinpit\u00e4j\u00e4 oma-aloitteisesti tai rekister\u00f6idyn vaatimuksesta oikaisee, poistaa tai t\u00e4ydent\u00e4\u00e4 rekisteriss\u00e4 olevan, k\u00e4sittelyn tarkoituksen kannalta virheellisen, tarpeettoman, puutteellisen tai vanhentuneen henkil\u00f6tiedon viivytyksett\u00e4. Korjauspyynt\u00f6 osoitetaan rekisterin yhteyshenkil\u00f6lle. Tietojen korjaamisesta p\u00e4\u00e4tt\u00e4\u00e4 rekisterinpit\u00e4j\u00e4.<\/p>\n<p><strong>14. MUUT HENKIL\u00d6TIETOJEN K\u00c4SITTELYYN LIITTYV\u00c4T OIKEUDET<\/strong><br \/>\nRekisterist\u00e4 ei luovuteta ilman rekister\u00f6idyn suostumusta tietoja suoramarkkinointia, markkina- ja mielipidetutkimusta, henkil\u00f6matrikkelia ja sukututkimusta varten.<\/p>\n","protected":false},"excerpt":{"rendered":"<p>Ehdot ja edellytykset \u2013 AMC ry AMC ry:n ja\/tai mink\u00e4tahansa yhdistyksemme alaisen muun toimielimen j\u00e4senyys, sek\u00e4 verkkopalveluidemme k\u00e4ytt\u00f6 edellytt\u00e4\u00e4 ett\u00e4 hyv\u00e4ksyt rekisteriselosteessa mainittujen tietojen tallentamisen j\u00e4senrekisteriin. Yhdistys toimii rekisterinpit\u00e4j\u00e4n\u00e4 niille henkil\u00f6tiedoille, joita ker\u00e4\u00e4mme yhdistyksen toimintaan osallistuvista. Rekisterinpit\u00e4j\u00e4 on vastuussa sille annetuista henkil\u00f6tiedoista ja niiden k\u00e4sittelyst\u00e4. Tietosuojassa kyse on luottamuksesta, ja yksityisyytesi sek\u00e4 henkil\u00f6tietojesi suojaaminen on seuralle ensiarvoisen t\u00e4rke\u00e4\u00e4. Sen vuoksi ker\u00e4\u00e4mme henkil\u00f6tietojasi vain niiss\u00e4 m\u00e4\u00e4rin, kuin tarvitsemme niit\u00e4 yll\u00e4pit\u00e4\u00e4ksemme ja hoitaaksemme suhdetta yhdistyksen toimintaan osallistuviin. T\u00e4ss\u00e4 tietosuojaselosteessa on k\u00e4sitelty niit\u00e4 periaatteita, joita yhdistys toteuttaa henkil\u00f6tietoja k\u00e4sittelyss\u00e4. TIETOSUOJA- JA REKISTERISELOSTE Henkil\u00f6tietolain 10 \u00a7 ja 24 \u00a7 mukainen rekisteriseloste, sek\u00e4 EU:n tietosuoja-asetuksen 2016\/679 mukainen tietosuojaseloste. Tietosuojaseloste AMC Ry:n j\u00e4senrekisteri 1. REKISTERIN PIT\u00c4J\u00c4 Nimi: AMC Ry, 1828485-7 Postiosoite: Rauhankatu 1bB 27, 20100 Turku (Finland) Puhelinnumero: +358500730662 S\u00e4hk\u00f6postiosoite: hallitus@amc.fi Www-osoite: https:\/\/www.amc.fi\/ 2. YHTEYSHENKIL\u00d6 REKISTERI\u00c4 KOSKEVISSA ASIOISSA Nimi: AMC Ry \/ Tietosuoja Postiosoite: Rauhankatu 1bB 27, 20100 Turku (Finland) Puhelinnumero: +358500730662 S\u00e4hk\u00f6postiosoite: hallitus@amc.fi 3. REKISTERIN NIMI AMC Ry:n j\u00e4senrekisteri 4. HENKIL\u00d6TIETOJEN K\u00c4SITTELYN TARKOITUS \u2013 Yll\u00e4pit\u00e4\u00e4 rekister\u00f6ityjen yhteystietoja \u2013 Kirjata ensisijaiset diagnoosi- ja apuv\u00e4linetiedot liittymishetkell\u00e4 \u2013 Laskuttaa j\u00e4senten j\u00e4senmaksut \u2013 Luvat (esim. kuvien, videoiden ja muiden materiaalien k\u00e4yt\u00f6st\u00e4, joissa j\u00e4senemme ovat osana) \u2013 Mahdolliset j\u00e4senyyteen ja merkkip\u00e4iviin liittyv\u00e4t muistamiset \u2013 Yhteydenpito j\u00e4senist\u00f6\u00f6n \u2013 Yll\u00e4pit\u00e4\u00e4 mahdollista lehtirekisteri\u00e4 \u2013 Tilastotieto toiminnan suunnittelua, arviointia ja kehitt\u00e4mist\u00e4 varten \u2013 Mahdolliset muut yhdistyksen toimintaan liittyv\u00e4t tarkoitukset (esim. koulutuksiin liittyv\u00e4 henkil\u00f6tietojen k\u00e4sittely) 5. REKISTERIN TIETOSIS\u00c4LT\u00d6 \u2013 Henkil\u00f6tiedot: nimi, osoite, puhelinnumero, s\u00e4hk\u00f6postiosoite, syntym\u00e4aika, sukupuoli, vamma tai diagnoosi ja apuv\u00e4linetieto, luottamustoimet, laskuluettelo, muut mahdolliset tiedot \u2013 J\u00e4senyyden kuluessa kertynyt tieto henkil\u00f6tietojen k\u00e4sittelyn tarkoitus-kohdan asioista 6. S\u00c4\u00c4NN\u00d6NMUKAISET TIETOL\u00c4HTEET \u2013 Rekister\u00f6ityjen itse antama tieto 7. TIETOJEN S\u00c4\u00c4NN\u00d6NMUKAISET LUOVUTUKSET J\u00e4senten nimi, osoite, (s\u00e4hk\u00f6postiosoite, puhelinnumero) ja syntym\u00e4aika tallennetaan Invalidiliitto ry:n henkil\u00f6tietorekisteriin. Tietoja k\u00e4ytet\u00e4\u00e4n It-lehden tilaajarekisteriss\u00e4, j\u00e4rjest\u00f6vakuutuksen vakuutettujen rekisteriss\u00e4, liittovaalien yhteydess\u00e4 \u00e4\u00e4nioikeutettujen rekisteriss\u00e4, j\u00e4senkorttien postitusrekisteriss\u00e4, j\u00e4senlaskutuksessa (jos yhdistys kuuluu Invalidiliiton j\u00e4senmaksupalveluun) sek\u00e4 Invalidiliiton yhteydenpidossa j\u00e4seniin. Rekisterinpit\u00e4j\u00e4 ei luovuta s\u00e4\u00e4nn\u00f6nmukaisesti muita rekister\u00f6ityjen henkil\u00f6tietoja ulkopuolisille. 8. TIETOJEN SIIRTO EU:N TAI ETA:N ULKOPUOLELLE Tietoja ei luovuteta EU:n tai Euroopan talousalueen ulkopuolelle. 9. REKISTERIN SUOJAUKSEN PERIAATTEET Rekisteriin tallennettavat tiedot vaativat henkil\u00f6n suostumuksen tietojen tallentamiseen. Yhdistyksen j\u00e4senyys oikeuttaa nimi-, postiosoite ja kotipaikkatietojen tallentamisen. Lis\u00e4ksi rekister\u00f6ity antaa 25.5.2018 alkaen alkaen yleissuostumuksen kaikkiin yhdistyksen toimintaan liittyvien tietojen tallentamisen rekister\u00f6itym\u00e4ll\u00e4\/olemalla j\u00e4senen\u00e4. Rekisterin sis\u00e4lt\u00e4mi\u00e4 henkil\u00f6tietoja ovat oikeutettuja asianmukaisesti k\u00e4sittelem\u00e4\u00e4n vain k\u00e4ytt\u00f6oikeuden saaneet, j\u00e4senyhdistyksen tietosuojavastaava tai tietosuoja-asioista vastaava\/t. Rekisteritietoja s\u00e4ilytet\u00e4\u00e4n niin kauan kunnes rekister\u00f6ity itse pyyt\u00e4\u00e4 poistamaan h\u00e4nt\u00e4 koskevat j\u00e4sentiedot rekisterist\u00e4 tai j\u00e4senyyden katsotaan muuten p\u00e4\u00e4ttyneen, ellei jokin velvollisuus lain, viranomaism\u00e4\u00e4r\u00e4yksen tai muun pakottavan syyn johdosta pakota n\u00e4it\u00e4 tietoja pidemp\u00e4\u00e4n s\u00e4ilytt\u00e4m\u00e4\u00e4n. 10. REKISTERITIETOJEN S\u00c4ILYTYS Tiedot tallennetaan Keh\u00e4tieto Oy:n toimittamaan Kilta j\u00e4senrekisteriin. Paperisten hakemusten ja suostumusten tiedot siirret\u00e4\u00e4n j\u00e4senrekisteriin. Tallennuksen j\u00e4lkeen papereita s\u00e4ilytet\u00e4\u00e4n, kuten henkil\u00f6kohtaisia arkaluontoisia tietoja sis\u00e4lt\u00e4v\u00e4t dokumentit lain mukaan tulee s\u00e4ilytt\u00e4\u00e4, j\u00e4senyyden ajan. J\u00e4rjestelm\u00e4n k\u00e4ytt\u00f6oikeudet perustuvat henkil\u00f6kohtaisiin k\u00e4ytt\u00e4j\u00e4tunnuksiin ja salasanoihin ja niiden k\u00e4ytt\u00f6\u00e4 valvotaan. K\u00e4ytt\u00f6oikeus p\u00e4\u00e4tet\u00e4\u00e4n henkil\u00f6n siirtyess\u00e4 pois teht\u00e4v\u00e4st\u00e4. 11. REKISTER\u00d6IDYN INFORMOINTI Tietosuojaseloste on saatavilla \u2013 AMC Ry:n kotisivulla \u2013 pyydett\u00e4ess\u00e4 tietosuojasta vastaavalta henkil\u00f6lt\u00e4 postitettuna tai s\u00e4hk\u00f6postitse 12. TARKASTUSOIKEUS Rekister\u00f6idyll\u00e4 on oikeus tarkastaa itse\u00e4\u00e4n koskevat henkil\u00f6tiedot. Rekister\u00f6ity voi esitt\u00e4\u00e4 tarkastusoikeutta koskevan pyynn\u00f6n henkil\u00f6kohtaisesti tai kirjallisesti oman j\u00e4senyhdistyksens\u00e4 yhteyshenkil\u00f6lle omak\u00e4tisesti allekirjoitetulla kirjeell\u00e4, s\u00e4hk\u00f6postitse tai henkil\u00f6kohtaisesti k\u00e4ym\u00e4ll\u00e4 tai toimittamalla kirjallinen rekisteritietojen tarkastuspyynt\u00f6 oman j\u00e4senyhdistyksens\u00e4 yhteyshenkil\u00f6lle. Henkil\u00f6llisyys tarkistetaan ennen tietojen luovuttamista. Tiedot luovutetaan ilman aiheetonta viivytyst\u00e4. Mahdollisesta tarkastusoikeuden ep\u00e4\u00e4misest\u00e4 annetaan kirjallinen todistus. Tarkastusoikeuttaan k\u00e4ytt\u00e4m\u00e4\u00e4n pyrkinyt voi viel\u00e4 asian tietosuojavaltuutetun k\u00e4sitelt\u00e4v\u00e4ksi ja arvioitavaksi saatuaan kirjallisesti perustellun ep\u00e4\u00e4mistodistuksen. Tietosuojavaltuutetun k\u00e4sittely on maksuton kerran vuodessa, muuten perit\u00e4\u00e4n tarkastuksesta aiheutuviin v\u00e4litt\u00f6miin kustannuksiin perustuva kohtuullinen maksu. 13. OIKEUS VAATIA TIEDON KORJAAMISTA Rekister\u00f6idyll\u00e4 on oikeus vaatia rekisteriss\u00e4 olevan k\u00e4sittelyn kannalta virheellisen, tarpeettoman, puutteellisen tai vanhentuneen tiedon oikaisemista, poistamista tai t\u00e4ydent\u00e4mist\u00e4 ilman aiheetonta viivett\u00e4. Vaatimus henkil\u00f6tietojen korjaamisesta pyydet\u00e4\u00e4n toimittamaan s\u00e4hk\u00f6postitse yhteyshenkil\u00f6lle toimittamalla kirjallinen rekisteritietojen korjaamisvaatimus. Rekisterinpit\u00e4j\u00e4 oma-aloitteisesti tai rekister\u00f6idyn vaatimuksesta oikaisee, poistaa tai t\u00e4ydent\u00e4\u00e4 rekisteriss\u00e4 olevan, k\u00e4sittelyn tarkoituksen kannalta virheellisen, tarpeettoman, puutteellisen tai vanhentuneen henkil\u00f6tiedon viivytyksett\u00e4. Korjauspyynt\u00f6 osoitetaan rekisterin yhteyshenkil\u00f6lle. Tietojen korjaamisesta p\u00e4\u00e4tt\u00e4\u00e4 rekisterinpit\u00e4j\u00e4. 14. MUUT HENKIL\u00d6TIETOJEN K\u00c4SITTELYYN LIITTYV\u00c4T OIKEUDET Rekisterist\u00e4 ei luovuteta ilman rekister\u00f6idyn suostumusta tietoja suoramarkkinointia, markkina- ja mielipidetutkimusta, henkil\u00f6matrikkelia ja sukututkimusta varten.<\/p>\n","protected":false},"author":1,"featured_media":0,"parent":20,"menu_order":4,"comment_status":"closed","ping_status":"closed","template":"","meta":{"ngg_post_thumbnail":0,"footnotes":""},"class_list":["post-231","page","type-page","status-publish","hentry"],"_links":{"self":[{"href":"https:\/\/www.amc.fi\/index.php?rest_route=\/wp\/v2\/pages\/231","targetHints":{"allow":["GET"]}}],"collection":[{"href":"https:\/\/www.amc.fi\/index.php?rest_route=\/wp\/v2\/pages"}],"about":[{"href":"https:\/\/www.amc.fi\/index.php?rest_route=\/wp\/v2\/types\/page"}],"author":[{"embeddable":true,"href":"https:\/\/www.amc.fi\/index.php?rest_route=\/wp\/v2\/users\/1"}],"replies":[{"embeddable":true,"href":"https:\/\/www.amc.fi\/index.php?rest_route=%2Fwp%2Fv2%2Fcomments&post=231"}],"version-history":[{"count":28,"href":"https:\/\/www.amc.fi\/index.php?rest_route=\/wp\/v2\/pages\/231\/revisions"}],"predecessor-version":[{"id":634,"href":"https:\/\/www.amc.fi\/index.php?rest_route=\/wp\/v2\/pages\/231\/revisions\/634"}],"up":[{"embeddable":true,"href":"https:\/\/www.amc.fi\/index.php?rest_route=\/wp\/v2\/pages\/20"}],"wp:attachment":[{"href":"https:\/\/www.amc.fi\/index.php?rest_route=%2Fwp%2Fv2%2Fmedia&parent=231"}],"curies":[{"name":"wp","href":"https:\/\/api.w.org\/{rel}","templated":true}]}}