{"id":23,"date":"2017-03-14T22:53:51","date_gmt":"2017-03-14T19:53:51","guid":{"rendered":"http:\/\/www.amc.fi\/?page_id=23"},"modified":"2026-02-14T10:06:03","modified_gmt":"2026-02-14T08:06:03","slug":"kokouspoytakirjat","status":"publish","type":"page","link":"https:\/\/www.amc.fi\/?page_id=23","title":{"rendered":"Hallitus"},"content":{"rendered":"<h3><strong>Yhdistyksen hallituksen j\u00e4senten tiedot:<\/strong><\/h3>\n<table border=\"0\" width=\"100%\">\n<tbody>\n<tr>\n<td style=\"text-align: left; vertical-align: top; padding: 0;\" colspan=\"2\">Hallitusten j\u00e4senten henkil\u00f6kohtaiset s\u00e4hk\u00f6postiosoitteet ovat muotoa (ilman erikoismerkkej\u00e4 ja \u00e4\u00e4kk\u00f6si\u00e4): etunimi.sukunimi(at)amc.fi<\/td>\n<\/tr>\n<tr>\n<td style=\"text-align: left; vertical-align: top; padding: 0;\" colspan=\"2\"><strong>Mika Vimpari<\/strong><\/td>\n<\/tr>\n<tr>\n<td style=\"text-align: left; vertical-align: top; padding: 0;\">&nbsp;<\/td>\n<td style=\"text-align: left; vertical-align: top; padding: 0;\">Titteli: Puheenjohtaja, Hallituksen j\u00e4sen ja Webmaster. Esittely: Olen AMC Ry:n puheenjohtaja, sek\u00e4 nettisivujen webmaster ja asun Helsingiss\u00e4. Minulla AMC on vaikuttanut syntym\u00e4st\u00e4 asti siten, etten ole pystynyt k\u00e4velem\u00e4\u00e4n ja k\u00e4siss\u00e4 on heikot voimat.<\/td>\n<\/tr>\n<tr>\n<td style=\"text-align: left; vertical-align: top; padding: 0;\" colspan=\"2\"><strong>Janita Ruuskanen<\/strong><\/td>\n<\/tr>\n<tr>\n<td style=\"text-align: left; vertical-align: top; padding: 0;\">&nbsp;<\/td>\n<td style=\"text-align: left; vertical-align: top; padding: 0;\">Titteli: Varapuheenjohtaja ja Hallituksen j\u00e4sen<\/td>\n<\/tr>\n<tr>\n<td style=\"text-align: left; vertical-align: top; padding: 0;\" colspan=\"2\"><strong>Jaana Tiiri<\/strong><\/td>\n<\/tr>\n<tr>\n<td style=\"text-align: left; vertical-align: top; padding: 0;\"><img loading=\"lazy\" decoding=\"async\" class=\"alignleft wp-image-268 size-thumbnail\" src=\"https:\/\/www.amc.fi\/wp-content\/uploads\/2018\/05\/jaanatiiri-150x150.jpg\" alt=\"\" width=\"150\" height=\"150\"><\/td>\n<td style=\"text-align: left; vertical-align: top; padding: 0;\">Titteli: Hallituksen j\u00e4sen. Esittely: Hei kaikille! Olen AMC ry.:n hallituksen j\u00e4sen, opiskelija Helsingist\u00e4. Opiskelen t\u00e4ll\u00e4 hetkell\u00e4 sosiaalialaa Metropolian Ammattikorkeakoulussa. Olen syd\u00e4mest\u00e4ni yhdistysaktiivi ja toimin monessa j\u00e4rjest\u00f6ss\u00e4 pyrkien edist\u00e4m\u00e4\u00e4n erityisesti vammaisten nuorten oikeuksien toteutumista. Minulla on itsell\u00e4ni AMC, ja yhteiselomme AMC ry.:n kanssa menee pitk\u00e4lle menneisyyteen: minut on lis\u00e4tty yhdistyksen j\u00e4seneksi silloin kun olen ollut pari kuukautta vanha! T\u00e4m\u00e4 yhdistys on minulle hyvin t\u00e4rke\u00e4 ja pyrin hallitustoiminnassani siihen, ett\u00e4 yhdistyksemme pysyisi hyvinvoivana ja onnistuisi tavoittamaan ja tarjoamaan vertaistukea ja toimintaa kaikille Suomen AMC:l\u00e4isille ja heid\u00e4n l\u00e4heisilleen.<\/td>\n<\/tr>\n<tr>\n<td style=\"text-align: left; vertical-align: top; padding: 0;\" colspan=\"2\"><strong>Milla Ilonen<\/strong><\/td>\n<\/tr>\n<tr>\n<td style=\"text-align: left; vertical-align: top; padding: 0;\"><img loading=\"lazy\" decoding=\"async\" class=\"alignleft size-thumbnail wp-image-272\" src=\"https:\/\/www.amc.fi\/wp-content\/uploads\/2018\/05\/millailonen-150x150.jpg\" alt=\"\" width=\"150\" height=\"150\"><\/td>\n<td style=\"text-align: left; vertical-align: top; padding: 0;\">Titteli: Hallituksen j\u00e4sen. Esittely: Olen tamperelainen vaikuttaja, melkein valmis sosiaalipsykologi ja kulttuuri-intoilija. Ty\u00f6skentelen Aspa-s\u00e4\u00e4ti\u00f6ss\u00e4 suunnittelijana vammaisten ihmisten ja mielenterveyskuntoutujien asumispalvelujen laadunarvioinnin parissa. Yhdenvertainen tanssi, nuorisoty\u00f6, draamamenetelm\u00e4t ja naurujooga ovat l\u00e4hell\u00e4 syd\u00e4nt\u00e4ni! Nuorena tytt\u00f6n\u00e4, kes\u00e4ll\u00e4 1998, olin perustamassa AMC-yhdistyst\u00e4. Yhdistys on tarjonnut vuosien varrella syk\u00e4hdytt\u00e4vi\u00e4 vertaisuuden ja yhteenkuuluvuuden paikkoja. Koen saavani paljon my\u00f6s siit\u00e4, ett\u00e4 voin toimia jollekin \u201disosiskona\u201d \u2013 henkil\u00f6n\u00e4, jonka kokemuksiin omaa el\u00e4m\u00e4\u00e4 voi peilailla. Ainutlaatuisuutemme ja harvinaisuutemme n\u00e4en voimavarana, joka jakaessa kasvaa! Vaikuttamisty\u00f6ss\u00e4 puolestaan haluaisin ylitt\u00e4\u00e4 diagnoosirajat ja edist\u00e4\u00e4 kaikkien vammaisten ihmisten oikeuksien toteutumista. Edustan harvinaisia yhdistyksi\u00e4 Invalidiliiton liittovaltuustossa.<\/td>\n<\/tr>\n<tr>\n<td style=\"text-align: left; vertical-align: top; padding: 0;\" colspan=\"2\"><strong>Reeta Sutinen<\/strong><\/td>\n<\/tr>\n<tr>\n<td style=\"text-align: left; vertical-align: top; padding: 0;\"><img loading=\"lazy\" decoding=\"async\" class=\"alignleft wp-image-136 size-thumbnail\" src=\"https:\/\/www.amc.fi\/wp-content\/uploads\/2017\/03\/19191197_10212388712168618_1646852782_n-150x150.jpg\" alt=\"\" width=\"150\" height=\"150\"><\/td>\n<td style=\"text-align: left; vertical-align: top; padding: 0;\">Titteli: Hallituksen j\u00e4sen ja Rahastonhoitaja. Esittely: Olen kahden tyt\u00f6n Vilman (2007) ja Klaaran (2011) \u00e4iti Turusta. Vilmalla on AMC.<\/td>\n<\/tr>\n<tr>\n<td style=\"text-align: left; vertical-align: top; padding: 0;\" colspan=\"2\"><strong>Salla Korkki<\/strong><\/td>\n<\/tr>\n<tr>\n<td style=\"text-align: left; vertical-align: top; padding: 0;\"><img loading=\"lazy\" decoding=\"async\" class=\"alignleft wp-image-141 size-thumbnail\" src=\"https:\/\/www.amc.fi\/wp-content\/uploads\/2017\/03\/559F25C5-42DD-467F-868B-236BE052D637-e1497784833945-150x150.jpg\" alt=\"\" width=\"150\" height=\"150\"><\/td>\n<td style=\"text-align: left; vertical-align: top; padding: 0;\">Titteli: Hallituksen j\u00e4sen ja Sihteeri. Esittely: Olen 2016 syntyneen amc-pojan \u00e4iti. Ammatiltani olen anestesiologiaan ja tehohoitoon erikoistuva l\u00e4\u00e4k\u00e4ri. Asumme Pirkanmaalla, maaseudulla. Harrastuksiin kuuluu kasvihuone ja isot perennapenkit, erityisrakkaus kuitenkin kes\u00e4kukat, luonnossa liikkuminen kaikin tavoin, saksanseisojat ja pienriistanmets\u00e4stys. AMC ry:ss\u00e4 olen vastuussa vertaistukitoiminnasta. Unelma on saada Suomen kattava verkosto, jossa meill\u00e4 on voimaannuttavia tukiperheit\u00e4 ja amc-harvinaisia valmiina olemaan l\u00e4sn\u00e4, kun heit\u00e4 tarvitaan.<\/td>\n<\/tr>\n<tr>\n<td style=\"text-align: left; vertical-align: top; padding: 0;\" colspan=\"2\"><strong>Vilma Tuominen<\/strong><\/td>\n<\/tr>\n<tr>\n<td style=\"text-align: left; vertical-align: top; padding: 0;\">&nbsp;<\/td>\n<td style=\"text-align: left; vertical-align: top; padding: 0;\">Titteli: Hallituksen j\u00e4sen<\/td>\n<\/tr>\n<\/tbody>\n<\/table>\n","protected":false},"excerpt":{"rendered":"<p>Yhdistyksen hallituksen j\u00e4senten tiedot: Hallitusten j\u00e4senten henkil\u00f6kohtaiset s\u00e4hk\u00f6postiosoitteet ovat muotoa (ilman erikoismerkkej\u00e4 ja \u00e4\u00e4kk\u00f6si\u00e4): etunimi.sukunimi(at)amc.fi Mika Vimpari &nbsp; Titteli: Puheenjohtaja, Hallituksen j\u00e4sen ja Webmaster. Esittely: Olen AMC Ry:n puheenjohtaja, sek\u00e4 nettisivujen webmaster ja asun Helsingiss\u00e4. Minulla AMC on vaikuttanut syntym\u00e4st\u00e4 asti siten, etten ole pystynyt k\u00e4velem\u00e4\u00e4n ja k\u00e4siss\u00e4 on heikot voimat. Janita Ruuskanen &nbsp; Titteli: Varapuheenjohtaja ja Hallituksen j\u00e4sen Jaana Tiiri Titteli: Hallituksen j\u00e4sen. Esittely: Hei kaikille! Olen AMC ry.:n hallituksen j\u00e4sen, opiskelija Helsingist\u00e4. Opiskelen t\u00e4ll\u00e4 hetkell\u00e4 sosiaalialaa Metropolian Ammattikorkeakoulussa. Olen syd\u00e4mest\u00e4ni yhdistysaktiivi ja toimin monessa j\u00e4rjest\u00f6ss\u00e4 pyrkien edist\u00e4m\u00e4\u00e4n erityisesti vammaisten nuorten oikeuksien toteutumista. Minulla on itsell\u00e4ni AMC, ja yhteiselomme AMC ry.:n kanssa menee pitk\u00e4lle menneisyyteen: minut on lis\u00e4tty yhdistyksen j\u00e4seneksi silloin kun olen ollut pari kuukautta vanha! T\u00e4m\u00e4 yhdistys on minulle hyvin t\u00e4rke\u00e4 ja pyrin hallitustoiminnassani siihen, ett\u00e4 yhdistyksemme pysyisi hyvinvoivana ja onnistuisi tavoittamaan ja tarjoamaan vertaistukea ja toimintaa kaikille Suomen AMC:l\u00e4isille ja heid\u00e4n l\u00e4heisilleen. Milla Ilonen Titteli: Hallituksen j\u00e4sen. Esittely: Olen tamperelainen vaikuttaja, melkein valmis sosiaalipsykologi ja kulttuuri-intoilija. Ty\u00f6skentelen Aspa-s\u00e4\u00e4ti\u00f6ss\u00e4 suunnittelijana vammaisten ihmisten ja mielenterveyskuntoutujien asumispalvelujen laadunarvioinnin parissa. Yhdenvertainen tanssi, nuorisoty\u00f6, draamamenetelm\u00e4t ja naurujooga ovat l\u00e4hell\u00e4 syd\u00e4nt\u00e4ni! Nuorena tytt\u00f6n\u00e4, kes\u00e4ll\u00e4 1998, olin perustamassa AMC-yhdistyst\u00e4. Yhdistys on tarjonnut vuosien varrella syk\u00e4hdytt\u00e4vi\u00e4 vertaisuuden ja yhteenkuuluvuuden paikkoja. Koen saavani paljon my\u00f6s siit\u00e4, ett\u00e4 voin toimia jollekin \u201disosiskona\u201d \u2013 henkil\u00f6n\u00e4, jonka kokemuksiin omaa el\u00e4m\u00e4\u00e4 voi peilailla. Ainutlaatuisuutemme ja harvinaisuutemme n\u00e4en voimavarana, joka jakaessa kasvaa! Vaikuttamisty\u00f6ss\u00e4 puolestaan haluaisin ylitt\u00e4\u00e4 diagnoosirajat ja edist\u00e4\u00e4 kaikkien vammaisten ihmisten oikeuksien toteutumista. Edustan harvinaisia yhdistyksi\u00e4 Invalidiliiton liittovaltuustossa. Reeta Sutinen Titteli: Hallituksen j\u00e4sen ja Rahastonhoitaja. Esittely: Olen kahden tyt\u00f6n Vilman (2007) ja Klaaran (2011) \u00e4iti Turusta. Vilmalla on AMC. Salla Korkki Titteli: Hallituksen j\u00e4sen ja Sihteeri. Esittely: Olen 2016 syntyneen amc-pojan \u00e4iti. Ammatiltani olen anestesiologiaan ja tehohoitoon erikoistuva l\u00e4\u00e4k\u00e4ri. Asumme Pirkanmaalla, maaseudulla. Harrastuksiin kuuluu kasvihuone ja isot perennapenkit, erityisrakkaus kuitenkin kes\u00e4kukat, luonnossa liikkuminen kaikin tavoin, saksanseisojat ja pienriistanmets\u00e4stys. AMC ry:ss\u00e4 olen vastuussa vertaistukitoiminnasta. Unelma on saada Suomen kattava verkosto, jossa meill\u00e4 on voimaannuttavia tukiperheit\u00e4 ja amc-harvinaisia valmiina olemaan l\u00e4sn\u00e4, kun heit\u00e4 tarvitaan. Vilma Tuominen &nbsp; Titteli: Hallituksen j\u00e4sen<\/p>\n","protected":false},"author":1,"featured_media":0,"parent":20,"menu_order":0,"comment_status":"closed","ping_status":"closed","template":"","meta":{"ngg_post_thumbnail":0,"footnotes":""},"class_list":["post-23","page","type-page","status-publish","hentry"],"_links":{"self":[{"href":"https:\/\/www.amc.fi\/index.php?rest_route=\/wp\/v2\/pages\/23","targetHints":{"allow":["GET"]}}],"collection":[{"href":"https:\/\/www.amc.fi\/index.php?rest_route=\/wp\/v2\/pages"}],"about":[{"href":"https:\/\/www.amc.fi\/index.php?rest_route=\/wp\/v2\/types\/page"}],"author":[{"embeddable":true,"href":"https:\/\/www.amc.fi\/index.php?rest_route=\/wp\/v2\/users\/1"}],"replies":[{"embeddable":true,"href":"https:\/\/www.amc.fi\/index.php?rest_route=%2Fwp%2Fv2%2Fcomments&post=23"}],"version-history":[{"count":58,"href":"https:\/\/www.amc.fi\/index.php?rest_route=\/wp\/v2\/pages\/23\/revisions"}],"predecessor-version":[{"id":701,"href":"https:\/\/www.amc.fi\/index.php?rest_route=\/wp\/v2\/pages\/23\/revisions\/701"}],"up":[{"embeddable":true,"href":"https:\/\/www.amc.fi\/index.php?rest_route=\/wp\/v2\/pages\/20"}],"wp:attachment":[{"href":"https:\/\/www.amc.fi\/index.php?rest_route=%2Fwp%2Fv2%2Fmedia&parent=23"}],"curies":[{"name":"wp","href":"https:\/\/api.w.org\/{rel}","templated":true}]}}