{"id":175,"date":"2017-08-06T11:18:41","date_gmt":"2017-08-06T08:18:41","guid":{"rendered":"http:\/\/www.amc.fi\/?page_id=175"},"modified":"2018-10-19T16:43:02","modified_gmt":"2018-10-19T13:43:02","slug":"tue-yhdistyksen-toimintaa","status":"publish","type":"page","link":"https:\/\/www.amc.fi\/?page_id=175","title":{"rendered":"Tue Yhdistyksen toimintaa"},"content":{"rendered":"<p>Yhdistykset, yritykset tai henkil\u00f6t voivat tukea AMC ry:t\u00e4 kannatusj\u00e4senen\u00e4. T\u00e4ll\u00f6in heit\u00e4 ei rekister\u00f6id\u00e4 invalidiliiton j\u00e4seniksi. Otamme vastaan yksitt\u00e4isi\u00e4 lahjoituksia sek\u00e4 pysyvi\u00e4 kannatusj\u00e4seni\u00e4. \u00a0Liitty\u00e4ksesi kannatusj\u00e4seneksi olethan yhteydess\u00e4 sihteeriin <a href=\"mailto:sihteeri@amc.fi\">sihteeri@amc.fi<\/a>, jolloin amc ry l\u00e4hett\u00e4\u00e4 vuosittain 25e j\u00e4senmaksun.<\/p>\n<p>&nbsp;<\/p>\n<p>Yksitt\u00e4isen lahjoituksen voi tehd\u00e4 suoraan amc ry:n tilille<\/p>\n<p>Saaja: AMC ry<\/p>\n<p>Tilinumero: FI98 5670 0820 3195 62 (OKOYFIHH)<\/p>\n<p>Viesti: Yrityksen, yhdistyksen tai henkil\u00f6n nimi ja maininta lahjoitus<\/p>\n<p>Maksun m\u00e4\u00e4r\u00e4: vapaa valintainen<\/p>\n<p>&nbsp;<\/p>\n<p>Jos yhdistys, yritys tai henkil\u00f6 haluaa jatkossa omavalintaisen lahjoitussumman mukaisen laskun vuosittain, pyyd\u00e4mme teit\u00e4 olemaan yhteydess\u00e4 sihteeriin s\u00e4hk\u00f6postitse sihteeri@amc.fi.<\/p>\n","protected":false},"excerpt":{"rendered":"<p>Yhdistykset, yritykset tai henkil\u00f6t voivat tukea AMC ry:t\u00e4 kannatusj\u00e4senen\u00e4. T\u00e4ll\u00f6in heit\u00e4 ei rekister\u00f6id\u00e4 invalidiliiton j\u00e4seniksi. Otamme vastaan yksitt\u00e4isi\u00e4 lahjoituksia sek\u00e4 pysyvi\u00e4 kannatusj\u00e4seni\u00e4. \u00a0Liitty\u00e4ksesi kannatusj\u00e4seneksi olethan yhteydess\u00e4 sihteeriin sihteeri@amc.fi, jolloin amc ry l\u00e4hett\u00e4\u00e4 vuosittain 25e j\u00e4senmaksun. &nbsp; Yksitt\u00e4isen lahjoituksen voi tehd\u00e4 suoraan amc ry:n tilille Saaja: AMC ry Tilinumero: FI98 5670 0820 3195 62 (OKOYFIHH) Viesti: Yrityksen, yhdistyksen tai henkil\u00f6n nimi ja maininta lahjoitus Maksun m\u00e4\u00e4r\u00e4: vapaa valintainen &nbsp; Jos yhdistys, yritys tai henkil\u00f6 haluaa jatkossa omavalintaisen lahjoitussumman mukaisen laskun vuosittain, pyyd\u00e4mme teit\u00e4 olemaan yhteydess\u00e4 sihteeriin s\u00e4hk\u00f6postitse sihteeri@amc.fi.<\/p>\n","protected":false},"author":1,"featured_media":0,"parent":20,"menu_order":5,"comment_status":"closed","ping_status":"closed","template":"","meta":{"ngg_post_thumbnail":0,"footnotes":""},"class_list":["post-175","page","type-page","status-publish","hentry"],"_links":{"self":[{"href":"https:\/\/www.amc.fi\/index.php?rest_route=\/wp\/v2\/pages\/175","targetHints":{"allow":["GET"]}}],"collection":[{"href":"https:\/\/www.amc.fi\/index.php?rest_route=\/wp\/v2\/pages"}],"about":[{"href":"https:\/\/www.amc.fi\/index.php?rest_route=\/wp\/v2\/types\/page"}],"author":[{"embeddable":true,"href":"https:\/\/www.amc.fi\/index.php?rest_route=\/wp\/v2\/users\/1"}],"replies":[{"embeddable":true,"href":"https:\/\/www.amc.fi\/index.php?rest_route=%2Fwp%2Fv2%2Fcomments&post=175"}],"version-history":[{"count":4,"href":"https:\/\/www.amc.fi\/index.php?rest_route=\/wp\/v2\/pages\/175\/revisions"}],"predecessor-version":[{"id":184,"href":"https:\/\/www.amc.fi\/index.php?rest_route=\/wp\/v2\/pages\/175\/revisions\/184"}],"up":[{"embeddable":true,"href":"https:\/\/www.amc.fi\/index.php?rest_route=\/wp\/v2\/pages\/20"}],"wp:attachment":[{"href":"https:\/\/www.amc.fi\/index.php?rest_route=%2Fwp%2Fv2%2Fmedia&parent=175"}],"curies":[{"name":"wp","href":"https:\/\/api.w.org\/{rel}","templated":true}]}}